{"id":51,"date":"2025-07-17T03:51:42","date_gmt":"2025-07-17T03:51:42","guid":{"rendered":"https:\/\/beta.binhha.vn\/?page_id=51"},"modified":"2025-07-18T16:21:03","modified_gmt":"2025-07-18T09:21:03","slug":"chinh-sach-bao-hanh","status":"publish","type":"page","link":"https:\/\/fancons.com.vn\/en\/chinh-sach-bao-hanh\/","title":{"rendered":"Warranty Policy"},"content":{"rendered":"<p data-start=\"328\" data-end=\"590\">Ch\u00ednh s\u00e1ch b\u1ea3o h\u00e0nh l\u00e0 cam k\u1ebft c\u1ee7a <strong data-start=\"363\" data-end=\"387\">C\u00d4NG TY TNHH FANCONS<\/strong> nh\u1eb1m \u0111\u1ea3m b\u1ea3o quy\u1ec1n l\u1ee3i ch\u00ednh \u0111\u00e1ng cho kh\u00e1ch h\u00e0ng v\u00e0 kh\u1eb3ng \u0111\u1ecbnh ch\u1ea5t l\u01b0\u1ee3ng s\u1ea3n ph\u1ea9m, d\u1ecbch v\u1ee5 m\u00e0 ch\u00fang t\u00f4i cung c\u1ea5p. D\u01b0\u1edbi \u0111\u00e2y l\u00e0 c\u00e1c quy \u0111\u1ecbnh c\u1ee5 th\u1ec3 v\u1ec1 \u0111i\u1ec1u ki\u1ec7n, ph\u1ea1m vi, th\u1eddi gian v\u00e0 quy tr\u00ecnh b\u1ea3o h\u00e0nh..<\/p>\n<h2 data-start=\"597\" data-end=\"624\">1. \u0110\u1ed1i T\u01b0\u1ee3ng \u00c1p D\u1ee5ng<\/h2>\n<ul data-start=\"626\" data-end=\"849\">\n<li data-start=\"626\" data-end=\"746\">\n<p data-start=\"628\" data-end=\"746\">\u00c1p d\u1ee5ng cho t\u1ea5t c\u1ea3 <strong data-start=\"647\" data-end=\"680\">s\u1ea3n ph\u1ea9m v\u00e0 h\u1ea1ng m\u1ee5c thi c\u00f4ng<\/strong> do <strong data-start=\"684\" data-end=\"695\">FanCons<\/strong> tr\u1ef1c ti\u1ebfp s\u1ea3n xu\u1ea5t, l\u1eafp \u0111\u1eb7t ho\u1eb7c cung c\u1ea5p d\u1ecbch v\u1ee5.<\/p>\n<\/li>\n<li data-start=\"747\" data-end=\"849\">\n<p data-start=\"749\" data-end=\"849\">\u00c1p d\u1ee5ng cho <strong data-start=\"761\" data-end=\"809\">kh\u00e1ch h\u00e0ng c\u00e1 nh\u00e2n, doanh nghi\u1ec7p, ch\u1ee7 \u0111\u1ea7u t\u01b0<\/strong> s\u1eed d\u1ee5ng s\u1ea3n ph\u1ea9m \u2013 d\u1ecbch v\u1ee5 c\u1ee7a c\u00f4ng ty.<\/p>\n<\/li>\n<\/ul>\n<h2 data-start=\"856\" data-end=\"884\">2. Th\u1eddi Gian B\u1ea3o H\u00e0nh<\/h2>\n<ul data-start=\"886\" data-end=\"1274\">\n<li data-start=\"886\" data-end=\"980\">\n<p data-start=\"888\" data-end=\"980\"><strong data-start=\"888\" data-end=\"923\">C\u1eeda \u2013 v\u00e1ch nh\u00f4m k\u00ednh, nh\u1ef1a k\u00ednh<\/strong>: B\u1ea3o h\u00e0nh k\u1ef9 thu\u1eadt 24 th\u00e1ng, b\u1ea3o h\u00e0nh ph\u1ee5 ki\u1ec7n 12 th\u00e1ng.<\/p>\n<\/li>\n<li data-start=\"981\" data-end=\"1078\">\n<p data-start=\"983\" data-end=\"1078\"><strong data-start=\"983\" data-end=\"1032\">H\u1ea1ng m\u1ee5c thi c\u00f4ng nh\u00e0 th\u00e9p ti\u1ec1n ch\u1ebf \u2013 k\u1ebft c\u1ea5u<\/strong>: B\u1ea3o h\u00e0nh k\u1ebft c\u1ea5u 5 n\u0103m, ch\u1ed1ng th\u1ea5m 12 th\u00e1ng.<\/p>\n<\/li>\n<li data-start=\"1079\" data-end=\"1171\">\n<p data-start=\"1081\" data-end=\"1171\"><strong data-start=\"1081\" data-end=\"1109\">H\u1ec7 th\u1ed1ng c\u01a1 kh\u00ed, ph\u1ee5 tr\u1ee3<\/strong>: B\u1ea3o h\u00e0nh t\u00f9y theo t\u1eebng lo\u1ea1i thi\u1ebft b\u1ecb (th\u01b0\u1eddng t\u1eeb 6\u201318 th\u00e1ng).<\/p>\n<\/li>\n<li data-start=\"1172\" data-end=\"1274\">\n<p data-start=\"1174\" data-end=\"1274\"><strong data-start=\"1174\" data-end=\"1214\">Thi c\u00f4ng ho\u00e0n thi\u1ec7n n\u1ed9i \u2013 ngo\u1ea1i th\u1ea5t<\/strong>: B\u1ea3o h\u00e0nh tay ngh\u1ec1 12 th\u00e1ng k\u1ec3 t\u1eeb ng\u00e0y b\u00e0n giao c\u00f4ng tr\u00ecnh.<\/p>\n<\/li>\n<\/ul>\n<blockquote data-start=\"1276\" data-end=\"1372\">\n<p data-start=\"1278\" data-end=\"1372\">L\u01b0u \u00fd: Th\u1eddi gian b\u1ea3o h\u00e0nh \u0111\u01b0\u1ee3c t\u00ednh t\u1eeb <strong data-start=\"1317\" data-end=\"1346\">ng\u00e0y k\u00fd bi\u00ean b\u1ea3n b\u00e0n giao<\/strong> s\u1ea3n ph\u1ea9m ho\u1eb7c c\u00f4ng tr\u00ecnh.<\/p>\n<\/blockquote>\n<h2 data-start=\"1379\" data-end=\"1405\">3. Ph\u1ea1m Vi B\u1ea3o H\u00e0nh<\/h2>\n<p data-start=\"1407\" data-end=\"1475\">Ch\u00fang t\u00f4i ch\u1ecbu tr\u00e1ch nhi\u1ec7m b\u1ea3o h\u00e0nh <strong data-start=\"1443\" data-end=\"1455\">mi\u1ec5n ph\u00ed<\/strong> c\u00e1c tr\u01b0\u1eddng h\u1ee3p sau:<\/p>\n<ul data-start=\"1477\" data-end=\"1765\">\n<li data-start=\"1477\" data-end=\"1571\">\n<p data-start=\"1479\" data-end=\"1571\">L\u1ed7i k\u1ef9 thu\u1eadt trong qu\u00e1 tr\u00ecnh s\u1ea3n xu\u1ea5t, gia c\u00f4ng ho\u1eb7c l\u1eafp \u0111\u1eb7t do nh\u00e2n vi\u00ean c\u00f4ng ty th\u1ef1c hi\u1ec7n.<\/p>\n<\/li>\n<li data-start=\"1572\" data-end=\"1652\">\n<p data-start=\"1574\" data-end=\"1652\">S\u1ea3n ph\u1ea9m b\u1ecb bong tr\u00f3c, cong v\u00eanh, l\u1ec7ch khung, k\u1eb9t c\u1eeda do l\u1ed7i k\u1ef9 thu\u1eadt ban \u0111\u1ea7u.<\/p>\n<\/li>\n<li data-start=\"1653\" data-end=\"1765\">\n<p data-start=\"1655\" data-end=\"1765\">H\u1ec7 th\u1ed1ng c\u1eeda kh\u00f4ng \u0111\u00f3ng\/m\u1edf \u0111\u00fang c\u00e1ch do sai l\u1ec7ch trong l\u1eafp \u0111\u1eb7t ho\u1eb7c c\u1ea5u ki\u1ec7n b\u1ecb h\u1ecfng trong th\u1eddi gian b\u1ea3o h\u00e0nh.<\/p>\n<\/li>\n<\/ul>\n<h2 data-start=\"1772\" data-end=\"1818\">4. Nh\u1eefng Tr\u01b0\u1eddng H\u1ee3p Kh\u00f4ng \u0110\u01b0\u1ee3c B\u1ea3o H\u00e0nh<\/h2>\n<p data-start=\"1820\" data-end=\"1877\">Ch\u00ednh s\u00e1ch b\u1ea3o h\u00e0nh kh\u00f4ng \u00e1p d\u1ee5ng v\u1edbi c\u00e1c tr\u01b0\u1eddng h\u1ee3p sau:<\/p>\n<ul data-start=\"1879\" data-end=\"2275\">\n<li data-start=\"1879\" data-end=\"1965\">\n<p data-start=\"1881\" data-end=\"1965\">S\u1ea3n ph\u1ea9m b\u1ecb h\u01b0 h\u1ecfng do <strong data-start=\"1904\" data-end=\"1934\">t\u00e1c \u0111\u1ed9ng c\u01a1 h\u1ecdc, thi\u00ean tai<\/strong>, ch\u00e1y n\u1ed5, l\u0169 l\u1ee5t, s\u00e9t \u0111\u00e1nh,&#8230;<\/p>\n<\/li>\n<li data-start=\"1966\" data-end=\"2043\">\n<p data-start=\"1968\" data-end=\"2043\">S\u1eed d\u1ee5ng sai m\u1ee5c \u0111\u00edch, l\u1eafp \u0111\u1eb7t sai h\u01b0\u1edbng d\u1eabn, t\u1ef1 \u00fd thay \u0111\u1ed5i k\u1ebft c\u1ea5u ban \u0111\u1ea7u.<\/p>\n<\/li>\n<li data-start=\"2044\" data-end=\"2115\">\n<p data-start=\"2046\" data-end=\"2115\">H\u1ecfng h\u00f3c do t\u00e1c \u0111\u1ed9ng t\u1eeb b\u00ean ngo\u00e0i nh\u01b0 va \u0111\u1eadp m\u1ea1nh, t\u00e1c \u0111\u1ed9ng h\u00f3a ch\u1ea5t.<\/p>\n<\/li>\n<li data-start=\"2116\" data-end=\"2190\">\n<p data-start=\"2118\" data-end=\"2190\">S\u1ea3n ph\u1ea9m \u0111\u00e3 h\u1ebft th\u1eddi h\u1ea1n b\u1ea3o h\u00e0nh ghi tr\u00ean phi\u1ebfu ho\u1eb7c bi\u00ean b\u1ea3n b\u00e0n giao.<\/p>\n<\/li>\n<li data-start=\"2191\" data-end=\"2275\">\n<p data-start=\"2193\" data-end=\"2275\">B\u1ea3o h\u00e0nh ph\u1ee5 ki\u1ec7n kh\u00f4ng do c\u00f4ng ty cung c\u1ea5p, ho\u1eb7c kh\u00e1ch h\u00e0ng t\u1ef1 thay th\u1ebf ph\u1ee5 ki\u1ec7n.<\/p>\n<\/li>\n<\/ul>\n<h2 data-start=\"2282\" data-end=\"2310\">5. Quy Tr\u00ecnh B\u1ea3o H\u00e0nh<\/h2>\n<p data-start=\"2312\" data-end=\"2408\">\u0110\u1ec3 \u0111\u01b0\u1ee3c h\u1ed7 tr\u1ee3 b\u1ea3o h\u00e0nh nhanh ch\u00f3ng v\u00e0 hi\u1ec7u qu\u1ea3, qu\u00fd kh\u00e1ch vui l\u00f2ng th\u1ef1c hi\u1ec7n theo c\u00e1c b\u01b0\u1edbc sau:<\/p>\n<p data-start=\"2410\" data-end=\"2427\"><strong>B\u01b0\u1edbc 1:<\/strong><\/p>\n<p data-start=\"2428\" data-end=\"2468\">Li\u00ean h\u1ec7 b\u1ed9 ph\u1eadn ch\u0103m s\u00f3c kh\u00e1ch h\u00e0ng qua:<\/p>\n<p data-start=\"2428\" data-end=\"2468\">\t<div class=\"sago_info\">\n\t\t<strong>FANCONS CONSTRUCTION CONTRACTOR CORP<\/strong><br>\n\t\t<i class=\"ri-map-pin-line\"><\/i> Head Office: Nam Cuong Building, Duong Noi Ward, Hanoi City<br>\n\t\t<i class=\"ri-map-pin-line\"><\/i> Ho Chi Minh City Branch: Flemington Tower, 182 Le Dai Hanh Street, Ward 15, District 11, Ho Chi Minh City<br>\n\n\t\t<i class=\"ri-phone-fill\"><\/i> Hotline: \n\t\t<a href=\"tel:0934695666\">093.469.5666<\/a> - \n\t\t<a href=\"tel:0982770645\">098.277.0645<\/a> - \n\t\t<a href=\"tel:0389227520\">0389.227.520<\/a><br>\n\n\t\t<i class=\"ri-send-plane-fill\"><\/i> Email: <a href=\"mailto:Pc@fancons.com.vn\">Pc@fancons.com.vn<\/a><br>\n\t\t<i class=\"ri-information-line\"><\/i> MST: 0104866643  <br>\n\t\t<i class=\"ri-global-line\"><\/i> Website: <a href=\"\/en\/\">www.fancons.com.vn<\/a>\n\t<\/div>\n\t\n<p data-start=\"2581\" data-end=\"2598\"><strong data-start=\"2585\" data-end=\"2596\">B\u01b0\u1edbc 2:<\/strong><\/p>\n<p data-start=\"2599\" data-end=\"2696\">Cung c\u1ea5p th\u00f4ng tin: m\u00e3 \u0111\u01a1n h\u00e0ng\/h\u1ee3p \u0111\u1ed3ng, h\u00ecnh \u1ea3nh l\u1ed7i, \u0111\u1ecba ch\u1ec9 l\u1eafp \u0111\u1eb7t, th\u1eddi \u0111i\u1ec3m ph\u00e1t sinh l\u1ed7i.<\/p>\n<p data-start=\"2698\" data-end=\"2715\"><strong data-start=\"2702\" data-end=\"2713\">B\u01b0\u1edbc 3:<\/strong><\/p>\n<p data-start=\"2716\" data-end=\"2888\">Nh\u00e2n vi\u00ean k\u1ef9 thu\u1eadt c\u1ee7a ch\u00fang t\u00f4i s\u1ebd li\u00ean h\u1ec7 v\u00e0 <strong data-start=\"2763\" data-end=\"2803\">ki\u1ec3m tra tr\u1ef1c ti\u1ebfp trong v\u00f2ng 24\u201372h<\/strong> (n\u1ed9i th\u00e0nh) ho\u1eb7c <strong data-start=\"2821\" data-end=\"2842\">3\u20135 ng\u00e0y l\u00e0m vi\u1ec7c<\/strong> (ngo\u1ea1i t\u1ec9nh) \u0111\u1ec3 \u0111\u00e1nh gi\u00e1 t\u00ecnh tr\u1ea1ng s\u1ea3n ph\u1ea9m.<\/p>\n<p data-start=\"2890\" data-end=\"2907\"><strong data-start=\"2894\" data-end=\"2905\">B\u01b0\u1edbc 4:<\/strong><\/p>\n<p data-start=\"2908\" data-end=\"2977\">Ti\u1ebfn h\u00e0nh s\u1eeda ch\u1eefa, thay th\u1ebf mi\u1ec5n ph\u00ed n\u1ebfu l\u1ed7i thu\u1ed9c ph\u1ea1m vi b\u1ea3o h\u00e0nh.<\/p>\n<h2 data-start=\"2984\" data-end=\"3009\">6. Cam K\u1ebft D\u1ecbch V\u1ee5<\/h2>\n<p data-start=\"3011\" data-end=\"3098\"><strong data-start=\"3011\" data-end=\"3035\">C\u00f4ng ty TNHH FanCons<\/strong> lu\u00f4n \u0111\u1eb7t uy t\u00edn v\u00e0 ch\u1ea5t l\u01b0\u1ee3ng l\u00ean h\u00e0ng \u0111\u1ea7u. Ch\u00fang t\u00f4i cam k\u1ebft:<\/p>\n<ul data-start=\"3100\" data-end=\"3297\">\n<li data-start=\"3100\" data-end=\"3150\">\n<p data-start=\"3102\" data-end=\"3150\">B\u1ea3o h\u00e0nh \u0111\u00fang th\u1eddi h\u1ea1n, \u0111\u00fang ph\u1ea1m vi \u0111\u00e3 cam k\u1ebft.<\/p>\n<\/li>\n<li data-start=\"3151\" data-end=\"3207\">\n<p data-start=\"3153\" data-end=\"3207\">H\u1ed7 tr\u1ee3 nhanh ch\u00f3ng, x\u1eed l\u00fd tri\u1ec7t \u0111\u1ec3 c\u00e1c s\u1ef1 c\u1ed1 k\u1ef9 thu\u1eadt.<\/p>\n<\/li>\n<li data-start=\"3208\" data-end=\"3297\">\n<p data-start=\"3210\" data-end=\"3297\">H\u01b0\u1edbng d\u1eabn kh\u00e1ch h\u00e0ng s\u1eed d\u1ee5ng v\u00e0 b\u1ea3o tr\u00ec s\u1ea3n ph\u1ea9m \u0111\u00fang c\u00e1ch \u0111\u1ec3 t\u0103ng tu\u1ed5i th\u1ecd c\u00f4ng tr\u00ecnh.<\/p>\n<\/li>\n<\/ul>","protected":false},"excerpt":{"rendered":"<p>Ch\u00ednh s\u00e1ch b\u1ea3o h\u00e0nh l\u00e0 cam k\u1ebft c\u1ee7a C\u00d4NG TY TNHH FANCONS nh\u1eb1m \u0111\u1ea3m b\u1ea3o quy\u1ec1n l\u1ee3i ch\u00ednh \u0111\u00e1ng cho kh\u00e1ch h\u00e0ng v\u00e0 kh\u1eb3ng \u0111\u1ecbnh ch\u1ea5t l\u01b0\u1ee3ng s\u1ea3n ph\u1ea9m, d\u1ecbch v\u1ee5 m\u00e0 ch\u00fang t\u00f4i cung c\u1ea5p. D\u01b0\u1edbi \u0111\u00e2y l\u00e0 c\u00e1c quy \u0111\u1ecbnh c\u1ee5 th\u1ec3 v\u1ec1 \u0111i\u1ec1u ki\u1ec7n, ph\u1ea1m vi, th\u1eddi gian v\u00e0 quy tr\u00ecnh b\u1ea3o [&#8230;]\n","protected":false},"author":1,"featured_media":0,"parent":0,"menu_order":0,"comment_status":"closed","ping_status":"closed","template":"","meta":{"_acf_changed":false,"footnotes":""},"class_list":["post-51","page","type-page","status-publish","hentry"],"acf":[],"_links":{"self":[{"href":"https:\/\/fancons.com.vn\/en\/wp-json\/wp\/v2\/pages\/51","targetHints":{"allow":["GET"]}}],"collection":[{"href":"https:\/\/fancons.com.vn\/en\/wp-json\/wp\/v2\/pages"}],"about":[{"href":"https:\/\/fancons.com.vn\/en\/wp-json\/wp\/v2\/types\/page"}],"author":[{"embeddable":true,"href":"https:\/\/fancons.com.vn\/en\/wp-json\/wp\/v2\/users\/1"}],"replies":[{"embeddable":true,"href":"https:\/\/fancons.com.vn\/en\/wp-json\/wp\/v2\/comments?post=51"}],"version-history":[{"count":3,"href":"https:\/\/fancons.com.vn\/en\/wp-json\/wp\/v2\/pages\/51\/revisions"}],"predecessor-version":[{"id":719,"href":"https:\/\/fancons.com.vn\/en\/wp-json\/wp\/v2\/pages\/51\/revisions\/719"}],"wp:attachment":[{"href":"https:\/\/fancons.com.vn\/en\/wp-json\/wp\/v2\/media?parent=51"}],"curies":[{"name":"wp","href":"https:\/\/api.w.org\/{rel}","templated":true}]}}