{"id":2,"date":"2025-07-17T01:37:18","date_gmt":"2025-07-17T01:37:18","guid":{"rendered":"https:\/\/beta.binhha.vn\/?page_id=2"},"modified":"2026-03-24T15:28:23","modified_gmt":"2026-03-24T08:28:23","slug":"dich-vu","status":"publish","type":"page","link":"https:\/\/fancons.com.vn\/vi\/dich-vu\/","title":{"rendered":"D\u1ecbch v\u1ee5"},"content":{"rendered":"\n\t<section class=\"section\" id=\"section_287453014\">\n\t\t<div class=\"section-bg fill\" >\n\t\t\t\t\t\t\t\t\t\n\t\t\t\n\n\t\t<\/div>\n\n\t\t\n\n\t\t<div class=\"section-content relative\">\n\t\t\t\n<div class=\"row row-small\"  id=\"row-256074737\">\n\n\t<div id=\"col-2120818706\" class=\"col medium-6 small-12 large-4\"  >\n\t\t\t\t<div class=\"col-inner\"  >\n\t\t\t\n\t\t\t\n\n  <div class=\"banner has-hover sago-banner-dv\" id=\"banner-1793720567\">\n          <div class=\"banner-inner fill\">\n        <div class=\"banner-bg fill\" >\n            <img loading=\"lazy\" decoding=\"async\" width=\"2000\" height=\"1125\" src=\"https:\/\/fancons.com.vn\/wp-content\/uploads\/2025\/11\/V1_5-Photo-copy-1.jpg\" class=\"bg attachment-original size-original\" alt=\"\" \/>                        <div class=\"overlay\"><\/div>            \n                    <\/div>\n\t\t\n        <div class=\"banner-layers container\">\n            <a class=\"fill\" href=\"https:\/\/fancons.com.vn\/thiet-ke-va-xay-dung-cac-cong-trinh-nha-xuong-khu-cong-nghiep\/\"><div class=\"fill banner-link\"><\/div><\/a>            \n   <div id=\"text-box-340686024\" class=\"text-box banner-layer x90 md-x90 lg-x90 y95 md-y95 lg-y95 res-text\">\n                                <div class=\"text-box-content text dark\">\n              \n              <div class=\"text-inner text-left\">\n                  \n<h3><strong><a href=\"https:\/\/fancons.com.vn\/thiet-ke-va-xay-dung-cac-cong-trinh-nha-xuong-khu-cong-nghiep\/\">Thi\u1ebft k\u1ebf v\u00e0 x\u00e2y d\u1ef1ng c\u00e1c c\u00f4ng tr\u00ecnh nh\u00e0 x\u01b0\u1edfng khu c\u00f4ng nghi\u1ec7p<\/a><\/strong><\/h3>\n<div class=\"des\">FanCons cung c\u1ea5p gi\u1ea3i ph\u00e1p t\u1ed5ng th\u1ec3 t\u1eeb t\u01b0 v\u1ea5n, thi\u1ebft k\u1ebf \u0111\u1ebfn thi c\u00f4ng c\u00e1c nh\u00e0 x\u01b0\u1edfng s\u1ea3n xu\u1ea5t, kho b\u00e3i, x\u00ed nghi\u1ec7p&#8230; \u0111\u1ea3m b\u1ea3o ti\u00eau chu\u1ea9n k\u1ef9 thu\u1eadt, ti\u1ebfn \u0111\u1ed9 v\u00e0 t\u00ednh th\u1ea9m m\u1ef9 cao.<\/div>\n              <\/div>\n           <\/div>\n                            \n<style>\n#text-box-340686024 {\n  width: 85%;\n}\n#text-box-340686024 .text-box-content {\n  font-size: 110%;\n}\n<\/style>\n    <\/div>\n \n        <\/div>\n      <\/div>\n\n            \n<style>\n#banner-1793720567 {\n  padding-top: 75%;\n}\n#banner-1793720567 .overlay {\n  background-color: rgba(0, 0, 0, 0.157);\n}\n<\/style>\n  <\/div>\n\n\n\t\t<\/div>\n\t\t\t\t\t<\/div>\n\n\t\n\n\t<div id=\"col-1877591562\" class=\"col medium-6 small-12 large-4\"  >\n\t\t\t\t<div class=\"col-inner\"  >\n\t\t\t\n\t\t\t\n\n  <div class=\"banner has-hover sago-banner-dv\" id=\"banner-2111825113\">\n          <div class=\"banner-inner fill\">\n        <div class=\"banner-bg fill\" >\n            <img loading=\"lazy\" decoding=\"async\" width=\"2560\" height=\"1666\" src=\"https:\/\/fancons.com.vn\/wp-content\/uploads\/2026\/03\/z7652218544466_d8df6fca4eb5b839980292dfe89b7120.jpg\" class=\"bg attachment-original size-original\" alt=\"\" \/>                        <div class=\"overlay\"><\/div>            \n                    <\/div>\n\t\t\n        <div class=\"banner-layers container\">\n            <a class=\"fill\" href=\"https:\/\/fancons.com.vn\/vi\/xuc-tien-dau-tu-phan-phoi-quy-dat-cong-nghiep\/\"><div class=\"fill banner-link\"><\/div><\/a>            \n   <div id=\"text-box-1595723457\" class=\"text-box banner-layer x90 md-x90 lg-x90 y95 md-y95 lg-y95 res-text\">\n                                <div class=\"text-box-content text dark\">\n              \n              <div class=\"text-inner text-left\">\n                  \n<h3><strong><a href=\"https:\/\/fancons.com.vn\/vi\/xuc-tien-dau-tu-phan-phoi-quy-dat-cong-nghiep\/\">X\u00fac ti\u1ebfn \u0111\u1ea7u t\u01b0 &amp; ph\u00e2n ph\u1ed1i qu\u1ef9 \u0111\u1ea5t c\u00f4ng nghi\u1ec7p<\/a><\/strong><\/h3>\n<div class=\"des\">Ch\u00fang t\u00f4i k\u1ebft n\u1ed1i nh\u00e0 \u0111\u1ea7u t\u01b0 v\u1edbi c\u00e1c qu\u1ef9 \u0111\u1ea5t c\u00f4ng nghi\u1ec7p ti\u1ec1m n\u0103ng, h\u1ed7 tr\u1ee3 t\u01b0 v\u1ea5n ph\u00e1p l\u00fd, th\u1ee7 t\u1ee5c v\u00e0 t\u1ed1i \u01b0u ph\u01b0\u01a1ng \u00e1n khai th\u00e1c \u2014 gi\u00fap gia t\u0103ng gi\u00e1 tr\u1ecb v\u00e0 hi\u1ec7u qu\u1ea3 \u0111\u1ea7u t\u01b0 b\u1ec1n v\u1eefng.<\/div>\n              <\/div>\n           <\/div>\n                            \n<style>\n#text-box-1595723457 {\n  width: 85%;\n}\n#text-box-1595723457 .text-box-content {\n  font-size: 110%;\n}\n<\/style>\n    <\/div>\n \n        <\/div>\n      <\/div>\n\n            \n<style>\n#banner-2111825113 {\n  padding-top: 75%;\n}\n#banner-2111825113 .overlay {\n  background-color: rgba(0, 0, 0, 0.157);\n}\n<\/style>\n  <\/div>\n\n\n\t\t<\/div>\n\t\t\t\t\t<\/div>\n\n\t\n\n\t<div id=\"col-1962294048\" class=\"col medium-6 small-12 large-4\"  >\n\t\t\t\t<div class=\"col-inner\"  >\n\t\t\t\n\t\t\t\n\n  <div class=\"banner has-hover sago-banner-dv\" id=\"banner-85595354\">\n          <div class=\"banner-inner fill\">\n        <div class=\"banner-bg fill\" >\n            <img loading=\"lazy\" decoding=\"async\" width=\"1280\" height=\"928\" src=\"https:\/\/fancons.com.vn\/wp-content\/uploads\/2026\/03\/z7651992581368_bbaa6313545df264c3a07a8c67fd0aea.jpg\" class=\"bg attachment-original size-original\" alt=\"\" \/>                        <div class=\"overlay\"><\/div>            \n                    <\/div>\n\t\t\n        <div class=\"banner-layers container\">\n            <a class=\"fill\" href=\"https:\/\/fancons.com.vn\/vi\/xuc-tien-dau-tu-phan-phoi-quy-dat-cong-nghiep\/\"><div class=\"fill banner-link\"><\/div><\/a>            \n   <div id=\"text-box-1287522950\" class=\"text-box banner-layer x90 md-x90 lg-x90 y95 md-y95 lg-y95 res-text\">\n                                <div class=\"text-box-content text dark\">\n              \n              <div class=\"text-inner text-left\">\n                  \n<h3><strong><a href=\"https:\/\/fancons.com.vn\/vi\/xuc-tien-dau-tu-phan-phoi-quy-dat-cong-nghiep\/\">Bu\u00f4n b\u00e1n v\u00e0 l\u1eafp \u0111\u1eb7t t\u1ee7 \u0111i\u1ec7n c\u00f4ng nghi\u1ec7p<\/a><\/strong><\/h3>\n<div class=\"des\">FanCons cung c\u1ea5p v\u00e0 l\u1eafp \u0111\u1eb7t t\u1ee7 \u0111i\u1ec7n c\u00f4ng nghi\u1ec7p ch\u1ea5t l\u01b0\u1ee3ng cao, thi\u1ebft k\u1ebf theo y\u00eau c\u1ea7u, \u0111\u1ea3m b\u1ea3o an to\u00e0n v\u1eadn h\u00e0nh, \u1ed5n \u0111\u1ecbnh h\u1ec7 th\u1ed1ng \u0111i\u1ec7n v\u00e0 t\u1ed1i \u01b0u hi\u1ec7u su\u1ea5t cho nh\u00e0 m\u00e1y, khu c\u00f4ng nghi\u1ec7p.<\/div>\n              <\/div>\n           <\/div>\n                            \n<style>\n#text-box-1287522950 {\n  width: 85%;\n}\n#text-box-1287522950 .text-box-content {\n  font-size: 110%;\n}\n<\/style>\n    <\/div>\n \n        <\/div>\n      <\/div>\n\n            \n<style>\n#banner-85595354 {\n  padding-top: 75%;\n}\n#banner-85595354 .overlay {\n  background-color: rgba(0, 0, 0, 0.157);\n}\n<\/style>\n  <\/div>\n\n\n\t\t<\/div>\n\t\t\t\t\t<\/div>\n\n\t\n<\/div>\n\t\t<\/div>\n\n\t\t\n<style>\n#section_287453014 {\n  padding-top: 0px;\n  padding-bottom: 0px;\n  background-color: rgb(255, 255, 255);\n}\n<\/style>\n\t<\/section>\n\t\n","protected":false},"excerpt":{"rendered":"","protected":false},"author":1,"featured_media":0,"parent":0,"menu_order":0,"comment_status":"closed","ping_status":"open","template":"page-blank.php","meta":{"_acf_changed":false,"footnotes":""},"class_list":["post-2","page","type-page","status-publish","hentry"],"acf":[],"_links":{"self":[{"href":"https:\/\/fancons.com.vn\/vi\/wp-json\/wp\/v2\/pages\/2","targetHints":{"allow":["GET"]}}],"collection":[{"href":"https:\/\/fancons.com.vn\/vi\/wp-json\/wp\/v2\/pages"}],"about":[{"href":"https:\/\/fancons.com.vn\/vi\/wp-json\/wp\/v2\/types\/page"}],"author":[{"embeddable":true,"href":"https:\/\/fancons.com.vn\/vi\/wp-json\/wp\/v2\/users\/1"}],"replies":[{"embeddable":true,"href":"https:\/\/fancons.com.vn\/vi\/wp-json\/wp\/v2\/comments?post=2"}],"version-history":[{"count":15,"href":"https:\/\/fancons.com.vn\/vi\/wp-json\/wp\/v2\/pages\/2\/revisions"}],"predecessor-version":[{"id":2453,"href":"https:\/\/fancons.com.vn\/vi\/wp-json\/wp\/v2\/pages\/2\/revisions\/2453"}],"wp:attachment":[{"href":"https:\/\/fancons.com.vn\/vi\/wp-json\/wp\/v2\/media?parent=2"}],"curies":[{"name":"wp","href":"https:\/\/api.w.org\/{rel}","templated":true}]}}