{"id":1222,"date":"2025-11-01T10:35:05","date_gmt":"2025-11-01T03:35:05","guid":{"rendered":"https:\/\/fancons.sagomedia.vn\/?page_id=1222"},"modified":"2026-03-31T14:54:08","modified_gmt":"2026-03-31T07:54:08","slug":"thiet-ke-va-xay-dung-cac-cong-trinh-nha-xuong-khu-cong-nghiep","status":"publish","type":"page","link":"https:\/\/fancons.com.vn\/zh\/thiet-ke-va-xay-dung-cac-cong-trinh-nha-xuong-khu-cong-nghiep\/","title":{"rendered":"\u5de5\u4e1a\u56ed\u533a\u5382\u623f\u7684\u8bbe\u8ba1\u4e0e\u65bd\u5de5"},"content":{"rendered":"<p data-start=\"450\" data-end=\"1000\">\u5728\u5feb\u901f\u5de5\u4e1a\u5316\u7684\u80cc\u666f\u4e0b\uff0c\u5de5\u4e1a\u56ed\u533a\u6b63\u9010\u6e10\u6210\u4e3a\u63a8\u52a8\u751f\u4ea7\u53d1\u5c55\u548c\u5438\u5f15\u6295\u8d44\u7684\u57fa\u7840\u3002\u4e3a\u4e86\u5b9e\u73b0\u9ad8\u6548\u4e14\u53ef\u6301\u7eed\u7684\u8fd0\u8425\uff0c\u56ed\u533a\u5185\u7684\u5382\u623f\u5fc5\u987b\u5177\u5907\u79d1\u5b66\u7684\u8bbe\u8ba1\u3001\u7b26\u5408\u6280\u672f\u6807\u51c6\u7684\u65bd\u5de5\uff0c\u5e76\u4f18\u5316\u6295\u8d44\u6210\u672c\u3002<br data-start=\"721\" data-end=\"724\" \/>\u51ed\u501f\u8d85\u8fc715\u5e74\u7684\u884c\u4e1a\u7ecf\u9a8c\uff0cFanCons \u81ea\u8c6a\u5730\u6210\u4e3a\u8d8a\u5357\u5de5\u4e1a\u56ed\u533a\u5382\u623f\u8bbe\u8ba1\u4e0e\u65bd\u5de5\u9886\u57df\u503c\u5f97\u4fe1\u8d56\u7684\u603b\u627f\u5305\u5355\u4f4d\u2014\u2014\u4e0e\u6570\u767e\u5bb6\u56fd\u5185\u5916\u4f01\u4e1a\u643a\u624b\uff0c\u5171\u540c\u6253\u9020\u53ef\u6301\u7eed\u3001\u73b0\u4ee3\u5316\u4e14\u9ad8\u6548\u8fd0\u8425\u7684\u5de5\u7a0b\u9879\u76ee\u3002<\/p>\n<p><iframe loading=\"lazy\" title=\"YouTube video player\" src=\"https:\/\/www.youtube.com\/embed\/ifFijc-XYzE?si=cQYlD4nYiQ_YrxvT\" width=\"100%\" height=\"500\" frameborder=\"0\" allowfullscreen=\"allowfullscreen\"><\/iframe><\/p>\n<h2 data-start=\"1007\" data-end=\"1077\">1. \u5de5\u4e1a\u56ed\u533a\u5382\u623f\u8bbe\u8ba1\u4e0e\u5efa\u8bbe\u7684\u4f5c\u7528<\/h2>\n<p data-start=\"1079\" data-end=\"1197\">\u5382\u623f\u4e0d\u4ec5\u662f\u751f\u4ea7\u573a\u6240\uff0c\u66f4\u662f\u4f01\u4e1a\u7684\u6838\u5fc3\u57fa\u7840\u8bbe\u65bd\u8d44\u4ea7\u3002\u5408\u7406\u7684\u8bbe\u8ba1\u6709\u52a9\u4e8e\uff1a<\/p>\n<ul data-start=\"1198\" data-end=\"1388\">\n<li data-start=\"1198\" data-end=\"1226\">\n<p data-start=\"1200\" data-end=\"1226\">\u4f18\u5316\u7a7a\u95f4\u5e03\u5c40<\/p>\n<\/li>\n<li data-start=\"1227\" data-end=\"1275\">\n<p data-start=\"1229\" data-end=\"1275\">\u964d\u4f4e\u8fd0\u8425\u6210\u672c\uff08\u7535\u529b\u3001\u6c34\u6e90\u3001\u7ef4\u62a4\uff09<\/p>\n<\/li>\n<li data-start=\"1276\" data-end=\"1328\">\n<p data-start=\"1278\" data-end=\"1328\">\u786e\u4fdd\u52b3\u52a8\u5b89\u5168\u4e0e\u6280\u672f\u6807\u51c6<\/p>\n<\/li>\n<li data-start=\"1329\" data-end=\"1388\">\n<p data-start=\"1331\" data-end=\"1388\">\u63d0\u5347\u672a\u6765\u6269\u5c55\u7684\u7075\u6d3b\u6027<\/p>\n<\/li>\n<\/ul>\n<p data-start=\"1390\" data-end=\"1685\">\u76f8\u53cd\uff0c\u5efa\u8bbe\u4e0d\u534f\u8c03\u3001\u7f3a\u4e4f\u6280\u672f\u89c4\u5212\u53ef\u80fd\u5bfc\u81f4\u9ad8\u989d\u7684\u989d\u5916\u6210\u672c\u3001\u80fd\u6e90\u6d6a\u8d39\uff0c\u751a\u81f3\u7f29\u77ed\u5efa\u7b51\u7269\u7684\u4f7f\u7528\u5bff\u547d\u3002<br data-start=\"1551\" data-end=\"1554\" \/>\u56e0\u6b64\uff0c\u9009\u62e9\u50cf Fancons \u8fd9\u6837\u4e13\u4e1a\u7684\u8bbe\u8ba1\u4e0e\u65bd\u5de5\u5408\u4f5c\u4f19\u4f34\uff0c\u662f\u786e\u4fdd\u957f\u671f\u6295\u8d44\u6548\u76ca\u7684\u5173\u952e\u56e0\u7d20.<\/p>\n<p data-start=\"1390\" data-end=\"1685\"><img loading=\"lazy\" decoding=\"async\" class=\"aligncenter size-large wp-image-1307\" src=\"https:\/\/fancons.com.vn\/wp-content\/uploads\/2025\/11\/z6089461190304_1fa195ca06ef0cbbd170be82acb96ac4-1024x576.jpg\" alt=\"\" width=\"1020\" height=\"574\" srcset=\"https:\/\/fancons.com.vn\/wp-content\/uploads\/2025\/11\/z6089461190304_1fa195ca06ef0cbbd170be82acb96ac4-1024x576.jpg 1024w, https:\/\/fancons.com.vn\/wp-content\/uploads\/2025\/11\/z6089461190304_1fa195ca06ef0cbbd170be82acb96ac4-300x169.jpg 300w, https:\/\/fancons.com.vn\/wp-content\/uploads\/2025\/11\/z6089461190304_1fa195ca06ef0cbbd170be82acb96ac4-768x432.jpg 768w, https:\/\/fancons.com.vn\/wp-content\/uploads\/2025\/11\/z6089461190304_1fa195ca06ef0cbbd170be82acb96ac4-1536x864.jpg 1536w, https:\/\/fancons.com.vn\/wp-content\/uploads\/2025\/11\/z6089461190304_1fa195ca06ef0cbbd170be82acb96ac4.jpg 2000w\" sizes=\"auto, (max-width: 1020px) 100vw, 1020px\" \/><\/p>\n<h2 data-start=\"1692\" data-end=\"1753\">2. Fancons \u5de5\u4e1a\u5382\u623f\u8bbe\u8ba1\u4e0e\u65bd\u5de5\u4e00\u4f53\u5316\u670d\u52a1<\/h2>\n<p data-start=\"1755\" data-end=\"1909\">Fancons \u63d0\u4f9b\u4ece\u8bbe\u8ba1\u5230\u65bd\u5de5\u5b8c\u6210\u53ca\u4ea4\u4ed8\u7684\u6574\u4f53\u89e3\u51b3\u65b9\u6848\uff0c\u786e\u4fdd\u9879\u76ee\u7684\u4e00\u81f4\u6027\u5e76\u6700\u5927\u9650\u5ea6\u5730\u8282\u7701\u6295\u8d44\u6210\u672c\u3002<\/p>\n<h3 data-start=\"1911\" data-end=\"1936\">\u5382\u623f\u8bbe\u8ba1<\/h3>\n<ul data-start=\"1937\" data-end=\"2358\">\n<li data-start=\"1937\" data-end=\"2030\">\n<p data-start=\"1939\" data-end=\"2030\">\u73b0\u573a\u52d8\u5bdf\u4e0e\u73b0\u72b6\u5206\u6790\uff1a\u5730\u5f62\u3001\u5730\u8d28\u3001\u98ce\u5411\u3001\u6392\u6c34\u53ca\u5730\u57fa\u3002<\/p>\n<\/li>\n<li data-start=\"2031\" data-end=\"2120\">\n<p data-start=\"2033\" data-end=\"2120\">\u63d0\u4f9b\u5408\u9002\u7684\u7ed3\u6784\u65b9\u6848\u54a8\u8be2\uff08\u9884\u5236\u94a2\u7ed3\u6784\u3001\u6df7\u51dd\u571f\u6846\u67b6\uff0c\u7ed3\u6784\uff09\u3002<\/p>\n<\/li>\n<li data-start=\"2121\" data-end=\"2201\">\n<p data-start=\"2123\" data-end=\"2201\">\u4e3a\u751f\u4ea7\u7ebf\u548c\u7269\u6d41\u8bbe\u8ba1\u4f18\u5316\u529f\u80fd\u5e03\u5c40<\/p>\n<\/li>\n<li data-start=\"2202\" data-end=\"2294\">\n<p data-start=\"2204\" data-end=\"2294\">\u8282\u80fd\u8ba1\u7b97\uff1a\u5229\u7528\u81ea\u7136\u91c7\u5149\u3001\u901a\u98ce\u4e0e\u9694\u70ed<\/p>\n<\/li>\n<li data-start=\"2295\" data-end=\"2358\">\n<p data-start=\"2297\" data-end=\"2358\">\u786e\u4fdd\u7b26\u5408\u6d88\u9632\u5b89\u5168\u3001\u73af\u5883\u6807\u51c6\u3001ISO\u3001GMP\u3001HACCP \u7b49\u76f8\u5173\u89c4\u8303\u3002<\/p>\n<\/li>\n<\/ul>\n<p><img loading=\"lazy\" decoding=\"async\" class=\"aligncenter size-large wp-image-1287\" src=\"https:\/\/fancons.com.vn\/wp-content\/uploads\/2025\/11\/A_2-Photo-copy-1-1024x576.jpg\" alt=\"\" width=\"1020\" height=\"574\" srcset=\"https:\/\/fancons.com.vn\/wp-content\/uploads\/2025\/11\/A_2-Photo-copy-1-1024x576.jpg 1024w, https:\/\/fancons.com.vn\/wp-content\/uploads\/2025\/11\/A_2-Photo-copy-1-300x169.jpg 300w, https:\/\/fancons.com.vn\/wp-content\/uploads\/2025\/11\/A_2-Photo-copy-1-768x432.jpg 768w, https:\/\/fancons.com.vn\/wp-content\/uploads\/2025\/11\/A_2-Photo-copy-1-1536x864.jpg 1536w, https:\/\/fancons.com.vn\/wp-content\/uploads\/2025\/11\/A_2-Photo-copy-1-2048x1152.jpg 2048w\" sizes=\"auto, (max-width: 1020px) 100vw, 1020px\" \/><\/p>\n<h3 data-start=\"2360\" data-end=\"2393\">\u65bd\u5de5\u603b\u627f\u5305\u670d\u52a1<\/h3>\n<ul data-start=\"2394\" data-end=\"2723\">\n<li data-start=\"2394\" data-end=\"2473\">\n<p data-start=\"2396\" data-end=\"2473\">\u57fa\u7840\u65bd\u5de5\u3001\u7ed3\u6784\u6846\u67b6\u3001\u56f4\u62a4\u5899\u4f53\u3001\u5c4b\u9876\u53ca\u8f85\u52a9\u7cfb\u7edf\u5efa\u8bbe\u3002<\/p>\n<\/li>\n<li data-start=\"2474\" data-end=\"2566\">\n<p data-start=\"2476\" data-end=\"2566\">\u673a\u7535\u7cfb\u7edf\u5b89\u88c5\uff1a\u7167\u660e\u3001\u7ed9\u6392\u6c34\u3001\u6d88\u9632\u3001\u7a7a\u8c03\u53ca\u901a\u98ce\u3002<\/p>\n<\/li>\n<li data-start=\"2567\" data-end=\"2646\">\n<p data-start=\"2569\" data-end=\"2646\">\u901a\u8fc7\u5148\u8fdb\u7684\u76d1\u63a7\u8f6f\u4ef6\u7ba1\u7406\u8fdb\u5ea6\u3001\u6210\u672c\u4e0e\u8d28\u91cf\u3002<\/p>\n<\/li>\n<li data-start=\"2647\" data-end=\"2723\">\n<p data-start=\"2649\" data-end=\"2723\">\u627f\u8bfa\u65bd\u5de5\u5b89\u5168\u5e76\u4e3a\u6574\u4e2a\u9879\u76ee\u63d0\u4f9b\u957f\u671f\u8d28\u4fdd\u3002<\/p>\n<\/li>\n<\/ul>\n<h3 data-start=\"2725\" data-end=\"2747\">\u00a0\u6269\u5c55\u670d\u52a1<\/h3>\n<ul data-start=\"2748\" data-end=\"2959\">\n<li data-start=\"2748\" data-end=\"2792\">\n<p data-start=\"2750\" data-end=\"2792\">\u73b0\u6709\u5382\u623f\u7684\u6539\u9020\u4e0e\u6269\u5efa<\/p>\n<\/li>\n<li data-start=\"2793\" data-end=\"2856\">\n<p data-start=\"2795\" data-end=\"2856\">\u8f85\u52a9\u533a\u57df\u8bbe\u8ba1\uff1a\u529e\u516c\u533a\u3001\u98df\u5802\u53ca\u7269\u6d41\u4ed3\u5e93\u3002<\/p>\n<\/li>\n<li data-start=\"2857\" data-end=\"2959\">\n<p data-start=\"2859\" data-end=\"2959\">\u5de5\u4e1a\u56ed\u533a\u57fa\u7840\u8bbe\u65bd\u5efa\u8bbe\uff1a\u56ed\u533a\u9053\u8def\u3001\u51fa\u5165\u53e3\u4e0e\u56f4\u680f\u3001\u53d8\u538b\u7ad9\u53ca\u6392\u6c34\u7cfb\u7edf\u3002<\/p>\n<\/li>\n<\/ul>\n<p><img loading=\"lazy\" decoding=\"async\" class=\"aligncenter size-large wp-image-1314\" src=\"https:\/\/fancons.com.vn\/wp-content\/uploads\/2025\/11\/250819-HNP-PA1-4-1024x576.jpg\" alt=\"\" width=\"1020\" height=\"574\" srcset=\"https:\/\/fancons.com.vn\/wp-content\/uploads\/2025\/11\/250819-HNP-PA1-4-1024x576.jpg 1024w, https:\/\/fancons.com.vn\/wp-content\/uploads\/2025\/11\/250819-HNP-PA1-4-300x169.jpg 300w, https:\/\/fancons.com.vn\/wp-content\/uploads\/2025\/11\/250819-HNP-PA1-4-768x432.jpg 768w, https:\/\/fancons.com.vn\/wp-content\/uploads\/2025\/11\/250819-HNP-PA1-4-1536x864.jpg 1536w, https:\/\/fancons.com.vn\/wp-content\/uploads\/2025\/11\/250819-HNP-PA1-4-2048x1152.jpg 2048w\" sizes=\"auto, (max-width: 1020px) 100vw, 1020px\" \/><\/p>\n<h2 data-start=\"2966\" data-end=\"3003\">3. \u4e0eFanCons \u5408\u4f5c\u7684\u4f18\u52bf<\/h2>\n<h3 data-start=\"3005\" data-end=\"3038\">\u6df1\u539a\u7ecf\u9a8c<\/h3>\n<p data-start=\"3039\" data-end=\"3219\">Fancons \u5df2\u53c2\u4e0e\u8bbe\u8ba1\u4e0e\u5efa\u8bbe\u8d85\u8fc7 200 \u4e2a\u9879\u76ee\uff0c\u5305\u62ec\u5de5\u5382\u3001\u4ed3\u5e93\u53ca\u751f\u4ea7\u8f66\u95f4\uff0c\u8986\u76d6\u8d8a\u5357VSIP\u3001\u5e86\u548c\u3001Amata\u3001\u9f99\u539a\u3001\u5357\u7981\u7b49\u4e3b\u8981\u5de5\u4e1a\u56ed\u533a\u3002<\/p>\n<h3 data-start=\"3221\" data-end=\"3257\">\u4f18\u5316\u7684\u6280\u672f\u65b9\u6848<\/h3>\n<p data-start=\"3258\" data-end=\"3482\">Fancons \u7684\u5de5\u7a0b\u56e2\u961f\u6df1\u5165\u5206\u6790\u5ba2\u6237\u6240\u5c5e\u884c\u4e1a\u7684\u7279\u6027\uff0c\u63d0\u4f9b\u6700\u4f18\u7684\u7ed3\u6784\u4e0e\u6750\u6599\u89e3\u51b3\u65b9\u6848\u2014\u2014\u65e2\u786e\u4fdd\u627f\u8f7d\u529b\u4e0e\u8010\u4e45\u6027\uff0c\u53c8\u53ef\u5c06\u521d\u671f\u6295\u8d44\u6210\u672c\u964d\u4f4e 20\u201330%\u3002<\/p>\n<p data-start=\"3258\" data-end=\"3482\"><img loading=\"lazy\" decoding=\"async\" class=\"aligncenter size-large wp-image-1312\" src=\"https:\/\/fancons.com.vn\/wp-content\/uploads\/2025\/11\/250819-HNP-PA1-2-1024x576.jpg\" alt=\"\" width=\"1020\" height=\"574\" srcset=\"https:\/\/fancons.com.vn\/wp-content\/uploads\/2025\/11\/250819-HNP-PA1-2-1024x576.jpg 1024w, https:\/\/fancons.com.vn\/wp-content\/uploads\/2025\/11\/250819-HNP-PA1-2-300x169.jpg 300w, https:\/\/fancons.com.vn\/wp-content\/uploads\/2025\/11\/250819-HNP-PA1-2-768x432.jpg 768w, https:\/\/fancons.com.vn\/wp-content\/uploads\/2025\/11\/250819-HNP-PA1-2-1536x864.jpg 1536w, https:\/\/fancons.com.vn\/wp-content\/uploads\/2025\/11\/250819-HNP-PA1-2-2048x1152.jpg 2048w\" sizes=\"auto, (max-width: 1020px) 100vw, 1020px\" \/><\/p>\n<h3 data-start=\"3484\" data-end=\"3528\">\u5feb\u901f \u2013 \u6807\u51c6 \u2013 \u5b89\u5168\u65bd\u5de5<\/h3>\n<p data-start=\"3529\" data-end=\"3737\">\u51ed\u501f\u6807\u51c6\u5316\u65bd\u5de5\u6d41\u7a0b\u548c\u7ecf\u9a8c\u4e30\u5bcc\u7684\u7ba1\u7406\u56e2\u961f\uff0cFancons \u53ef\u786e\u4fdd\u65bd\u5de5\u8fdb\u5ea6\u5feb\u901f\u3001\u8d28\u91cf\u4e25\u683c\u7ba1\u63a7\u53ca\u65bd\u5de5\u5b89\u5168\uff0c\u52a9\u529b\u4e1a\u4e3b\u5c3d\u65e9\u5c06\u5de5\u5382\u6295\u5165\u8fd0\u8425<\/p>\n<h3 data-start=\"3739\" data-end=\"3766\">\u53ef\u6301\u7eed\u53d1\u5c55\u627f\u8bfa<\/h3>\n<p data-start=\"3767\" data-end=\"3948\">Fancons \u4f18\u5148\u91c7\u7528\u7eff\u8272\u3001\u8282\u80fd\u3001\u73af\u4fdd\u7684\u89e3\u51b3\u65b9\u6848\uff0c\u81f4\u529b\u4e8e\u6253\u9020\u7b26\u5408 ESG\uff08\u73af\u5883 \u2013 \u793e\u4f1a \u2013 \u6cbb\u7406\uff09\u6807\u51c6\u7684\u9879\u76ee\uff0c\u7d27\u8ddf\u5168\u7403\u53ef\u6301\u7eed\u53d1\u5c55\u8d8b\u52bf\u3002<\/p>\n<h2 data-start=\"3955\" data-end=\"3991\">4. Fancons \u7684\u5de5\u4f5c\u6d41\u7a0b<\/h2>\n<ol data-start=\"3993\" data-end=\"4259\">\n<li data-start=\"3993\" data-end=\"4039\">\n<p data-start=\"3996\" data-end=\"4039\">\u63a5\u6536\u9700\u6c42\u5e76\u8fdb\u884c\u73b0\u573a\u52d8\u5bdf<\/p>\n<\/li>\n<li data-start=\"4040\" data-end=\"4087\">\n<p data-start=\"4043\" data-end=\"4087\">\u529f\u80fd\u5206\u6790\u4e0e\u751f\u4ea7\u89c4\u6a21\u8bc4\u4f30<\/p>\n<\/li>\n<li data-start=\"4088\" data-end=\"4140\">\n<p data-start=\"4091\" data-end=\"4140\">\u8bbe\u8ba1\u65b9\u6848\u5efa\u8bae\u4e0e\u521d\u6b65\u62a5\u4ef7<\/p>\n<\/li>\n<li data-start=\"4141\" data-end=\"4196\">\n<p data-start=\"4144\" data-end=\"4196\">\u5b8c\u5584\u6280\u672f\u8bbe\u8ba1\u4e0e\u65bd\u5de5\u6587\u4ef6<\/p>\n<\/li>\n<li data-start=\"4197\" data-end=\"4259\">\n<p data-start=\"4200\" data-end=\"4259\">\u603b\u627f\u5305\u65bd\u5de5 \u2013 \u76d1\u7406 \u2013 \u9a8c\u6536 \u2013 \u4ea4\u4ed8<\/p>\n<\/li>\n<\/ol>\n<p data-start=\"4261\" data-end=\"4392\">\u6bcf\u4e2a\u9879\u76ee\u5747\u7531\u4e13\u5c5e\u603b\u5de5\u7a0b\u5e08\u8d1f\u8d23\uff0c\u786e\u4fdd\u6574\u4e2a\u6d41\u7a0b\u7684\u900f\u660e\u6027\u3001\u4e00\u81f4\u6027\u4e0e\u9ad8\u6548\u6027\u3002<\/p>\n<p data-start=\"4261\" data-end=\"4392\"><img loading=\"lazy\" decoding=\"async\" class=\"aligncenter size-large wp-image-1340\" src=\"https:\/\/fancons.com.vn\/wp-content\/uploads\/2025\/11\/7A-1024x576.jpg\" alt=\"\" width=\"1020\" height=\"574\" srcset=\"https:\/\/fancons.com.vn\/wp-content\/uploads\/2025\/11\/7A-1024x576.jpg 1024w, https:\/\/fancons.com.vn\/wp-content\/uploads\/2025\/11\/7A-300x169.jpg 300w, https:\/\/fancons.com.vn\/wp-content\/uploads\/2025\/11\/7A-768x432.jpg 768w, https:\/\/fancons.com.vn\/wp-content\/uploads\/2025\/11\/7A-1536x864.jpg 1536w, https:\/\/fancons.com.vn\/wp-content\/uploads\/2025\/11\/7A.jpg 2000w\" sizes=\"auto, (max-width: 1020px) 100vw, 1020px\" \/><\/p>\n<h2 data-start=\"4399\" data-end=\"4462\">Fancons \u2013 \u5de5\u4e1a\u6295\u8d44\u8005\u503c\u5f97\u4fe1\u8d56\u7684\u5408\u4f5c\u4f19\u4f34<\/h2>\n<p data-start=\"4464\" data-end=\"4581\">\u62e5\u6709\u8d85\u8fc715\u5e74\u7684\u8fd0\u8425\u7ecf\u9a8c\uff0cFanCons \u5df2\u6210\u4e3a\u4f17\u591a\u56fd\u5185\u5916\u96c6\u56e2\u7684\u6218\u7565\u5408\u4f5c\u4f19\u4f34\uff0c\u5f97\u76ca\u4e8e\uff1a<\/p>\n<ul data-start=\"4582\" data-end=\"4750\">\n<li data-start=\"4582\" data-end=\"4629\">\n<p data-start=\"4584\" data-end=\"4629\">\u5de5\u7a0b\u8d28\u91cf\u7ba1\u7406\u7684\u826f\u597d\u58f0\u8a89<\/p>\n<\/li>\n<li data-start=\"4630\" data-end=\"4688\">\n<p data-start=\"4632\" data-end=\"4688\">\u5f3a\u5927\u7684\u65bd\u5de5\u80fd\u529b\u4e0e\u4e13\u4e1a\u6280\u672f\u56e2\u961f<\/p>\n<\/li>\n<li data-start=\"4689\" data-end=\"4750\">\n<p data-start=\"4691\" data-end=\"4750\">\u4e00\u7ad9\u5f0f\u4e14\u7075\u6d3b\u7684\u670d\u52a1\uff0c\u6ee1\u8db3\u5404\u884c\u4e1a\u7684\u7279\u5b9a\u9700\u6c42<\/p>\n<\/li>\n<\/ul>\n<p data-start=\"4752\" data-end=\"4939\">Fancons \u8ba4\u4e3a\uff0c\u6bcf\u4e2a\u5de5\u5382\u90fd\u662f\u4f01\u4e1a\u7684\u201c\u8fd0\u4f5c\u673a\u5668\u201d\uff0c\u56e0\u6b64\u6211\u4eec\u5728\u6bcf\u4e2a\u9879\u76ee\u4e2d\u59cb\u7ec8\u5c06 \u4f7f\u7528\u6548\u7387\u3001\u6210\u672c\u3001\u5b89\u5168\u6027\u4e0e\u53ef\u6301\u7eed\u6027 \u653e\u5728\u9996\u4f4d\u3002<\/p>\n<p data-start=\"4752\" data-end=\"4939\"><img loading=\"lazy\" decoding=\"async\" class=\"aligncenter size-large wp-image-1375\" src=\"https:\/\/fancons.com.vn\/wp-content\/uploads\/2025\/11\/A_8-Photo-copy-2-1024x576.jpg\" alt=\"\" width=\"1020\" height=\"574\" srcset=\"https:\/\/fancons.com.vn\/wp-content\/uploads\/2025\/11\/A_8-Photo-copy-2-1024x576.jpg 1024w, https:\/\/fancons.com.vn\/wp-content\/uploads\/2025\/11\/A_8-Photo-copy-2-300x169.jpg 300w, https:\/\/fancons.com.vn\/wp-content\/uploads\/2025\/11\/A_8-Photo-copy-2-768x432.jpg 768w, https:\/\/fancons.com.vn\/wp-content\/uploads\/2025\/11\/A_8-Photo-copy-2-1536x864.jpg 1536w, https:\/\/fancons.com.vn\/wp-content\/uploads\/2025\/11\/A_8-Photo-copy-2.jpg 2000w\" sizes=\"auto, (max-width: 1020px) 100vw, 1020px\" \/><\/p>\n<h2 data-start=\"4946\" data-end=\"4963\">\u54a8\u8be2\u8054\u7cfb<\/h2>\n<p data-start=\"4965\" data-end=\"5054\">\ud83d\udc49 FanCons \u2013 \u4e13\u4e1a\u7684\u5de5\u4e1a\u5382\u623f\u8bbe\u8ba1\u4e0e\u65bd\u5de5\u627f\u5305\u5546<\/p>\n<p data-start=\"4965\" data-end=\"5054\">\t<div class=\"sago_info\">\n\t\t<strong>FANCONS\u5de5\u7a0b\u5efa\u8bbe\u603b\u627f\u5305\u80a1\u4efd\u516c\u53f8<\/strong><br>\n\t\t<i class=\"ri-map-pin-line\"><\/i> \u603b\u90e8\u5730\u5740\uff1a \u6cb3\u5185\u5e02 D\u01b0\u01a1ng N\u1ed9i \u8857\u9053 Nam Cuong \u5927\u53a6<br>\n\t\t<i class=\"ri-map-pin-line\"><\/i> \u80e1\u5fd7\u660e\u5e02\u5206\u516c\u53f8\uff1a \u80e1\u5fd7\u660e\u5e02\u7b2c11\u90e1\u7b2c15\u574a L\u00ea \u0110\u1ea1i H\u00e0nh \u8857182\u53f7 Flemington Tower \u5927\u53a6<br>\n\n\t\t<i class=\"ri-phone-fill\"><\/i> Hotline: \n\t\t<a href=\"tel:0934695666\">093.469.5666<\/a> - \n\t\t<a href=\"tel:0982770645\">098.277.0645<\/a> - \n\t\t<a href=\"tel:0389227520\">0389.227.520<\/a><br>\n\n\t\t<i class=\"ri-send-plane-fill\"><\/i> \u90ae\u4ef6 <a href=\"mailto:Pc@fancons.com.vn\">Pc@fancons.com.vn<\/a><br>\n\t\t<i class=\"ri-information-line\"><\/i> MST: 0104866643  <br>\n\t\t<i class=\"ri-global-line\"><\/i> Website: <a href=\"\/zh\/\">www.fancons.com.vn<\/a>\n\t<\/div>","protected":false},"excerpt":{"rendered":"<p>Trong b\u1ed1i c\u1ea3nh c\u00f4ng nghi\u1ec7p h\u00f3a m\u1ea1nh m\u1ebd, c\u00e1c khu c\u00f4ng nghi\u1ec7p (KCN) \u0111ang tr\u1edf th\u00e0nh n\u1ec1n t\u1ea3ng cho s\u1ef1 ph\u00e1t tri\u1ec3n s\u1ea3n xu\u1ea5t v\u00e0 thu h\u00fat \u0111\u1ea7u t\u01b0. \u0110\u1ec3 v\u1eadn h\u00e0nh hi\u1ec7u qu\u1ea3 v\u00e0 b\u1ec1n v\u1eefng, nh\u00e0 x\u01b0\u1edfng trong KCN c\u1ea7n \u0111\u01b0\u1ee3c thi\u1ebft k\u1ebf khoa h\u1ecdc, x\u00e2y d\u1ef1ng chu\u1ea9n k\u1ef9 thu\u1eadt v\u00e0 t\u1ed1i \u01b0u [&#8230;]\n","protected":false},"author":1,"featured_media":1362,"parent":0,"menu_order":0,"comment_status":"closed","ping_status":"closed","template":"","meta":{"_acf_changed":false,"footnotes":""},"class_list":["post-1222","page","type-page","status-publish","has-post-thumbnail","hentry"],"acf":[],"_links":{"self":[{"href":"https:\/\/fancons.com.vn\/zh\/wp-json\/wp\/v2\/pages\/1222","targetHints":{"allow":["GET"]}}],"collection":[{"href":"https:\/\/fancons.com.vn\/zh\/wp-json\/wp\/v2\/pages"}],"about":[{"href":"https:\/\/fancons.com.vn\/zh\/wp-json\/wp\/v2\/types\/page"}],"author":[{"embeddable":true,"href":"https:\/\/fancons.com.vn\/zh\/wp-json\/wp\/v2\/users\/1"}],"replies":[{"embeddable":true,"href":"https:\/\/fancons.com.vn\/zh\/wp-json\/wp\/v2\/comments?post=1222"}],"version-history":[{"count":6,"href":"https:\/\/fancons.com.vn\/zh\/wp-json\/wp\/v2\/pages\/1222\/revisions"}],"predecessor-version":[{"id":2487,"href":"https:\/\/fancons.com.vn\/zh\/wp-json\/wp\/v2\/pages\/1222\/revisions\/2487"}],"wp:featuredmedia":[{"embeddable":true,"href":"https:\/\/fancons.com.vn\/zh\/wp-json\/wp\/v2\/media\/1362"}],"wp:attachment":[{"href":"https:\/\/fancons.com.vn\/zh\/wp-json\/wp\/v2\/media?parent=1222"}],"curies":[{"name":"wp","href":"https:\/\/api.w.org\/{rel}","templated":true}]}}