{"id":1224,"date":"2025-11-01T10:44:34","date_gmt":"2025-11-01T03:44:34","guid":{"rendered":"https:\/\/fancons.sagomedia.vn\/?page_id=1224"},"modified":"2026-03-31T15:24:56","modified_gmt":"2026-03-31T08:24:56","slug":"xuc-tien-dau-tu-phan-phoi-quy-dat-cong-nghiep","status":"publish","type":"page","link":"https:\/\/fancons.com.vn\/zh\/xuc-tien-dau-tu-phan-phoi-quy-dat-cong-nghiep\/","title":{"rendered":"X\u00fac ti\u1ebfn \u0111\u1ea7u t\u01b0 &#038; ph\u00e2n ph\u1ed1i qu\u1ef9 \u0111\u1ea5t c\u00f4ng nghi\u1ec7p"},"content":{"rendered":"<p data-start=\"158\" data-end=\"517\">Trong b\u1ed1i c\u1ea3nh Vi\u1ec7t Nam \u0111ang tr\u1edf th\u00e0nh \u0111i\u1ec3m \u0111\u1ebfn h\u1ea5p d\u1eabn c\u1ee7a d\u00f2ng v\u1ed1n \u0111\u1ea7u t\u01b0 trong v\u00e0 ngo\u00e0i n\u01b0\u1edbc, nhu c\u1ea7u t\u00ecm ki\u1ebfm qu\u1ef9 \u0111\u1ea5t c\u00f4ng nghi\u1ec7p ph\u00f9 h\u1ee3p, ph\u00e1p l\u00fd r\u00f5 r\u00e0ng v\u00e0 h\u1ea1 t\u1ea7ng \u0111\u1ed3ng b\u1ed9 ng\u00e0y c\u00e0ng gia t\u0103ng. Tuy nhi\u00ean, \u0111\u1ec3 l\u1ef1a ch\u1ecdn \u0111\u00fang v\u1ecb tr\u00ed, k\u1ebft n\u1ed1i \u0111\u00fang \u0111\u1ed1i t\u00e1c v\u00e0 tri\u1ec3n khai d\u1ef1 \u00e1n hi\u1ec7u qu\u1ea3 l\u00e0 m\u1ed9t b\u00e0i to\u00e1n kh\u00f4ng h\u1ec1 \u0111\u01a1n gi\u1ea3n \u0111\u1ed1i v\u1edbi nhi\u1ec1u doanh nghi\u1ec7p v\u00e0 nh\u00e0 \u0111\u1ea7u t\u01b0.<\/p>\n<p data-start=\"519\" data-end=\"843\">\u670d\u52a1 <strong data-start=\"527\" data-end=\"578\">X\u00fac ti\u1ebfn \u0111\u1ea7u t\u01b0 &amp; ph\u00e2n ph\u1ed1i qu\u1ef9 \u0111\u1ea5t c\u00f4ng nghi\u1ec7p<\/strong> c\u1ee7a Fancons \u0111\u01b0\u1ee3c x\u00e2y d\u1ef1ng nh\u1eb1m gi\u1ea3i quy\u1ebft tr\u1ecdn v\u1eb9n nh\u1eefng th\u00e1ch th\u1ee9c \u0111\u00f3. V\u1edbi vai tr\u00f2 l\u00e0 c\u1ea7u n\u1ed1i gi\u1eefa ch\u1ee7 \u0111\u1ea7u t\u01b0 h\u1ea1 t\u1ea7ng v\u00e0 doanh nghi\u1ec7p, Fancons mang \u0111\u1ebfn gi\u1ea3i ph\u00e1p to\u00e0n di\u1ec7n gi\u00fap t\u1ed1i \u01b0u h\u00f3a hi\u1ec7u qu\u1ea3 \u0111\u1ea7u t\u01b0, r\u00fat ng\u1eafn th\u1eddi gian tri\u1ec3n khai v\u00e0 gia t\u0103ng gi\u00e1 tr\u1ecb qu\u1ef9 \u0111\u1ea5t.<\/p>\n<p style=\"text-align: center;\" data-start=\"519\" data-end=\"843\"><span style=\"font-size: 115%;\"><strong>Qu\u1ef9 \u0110\u1ea5t C\u00f4ng Nghi\u1ec7p Ph\u00e1p L\u00fd R\u00f5 R\u00e0ng \u2013 K\u1ebft N\u1ed1i Nhanh, Tri\u1ec3n Khai Ngay<\/strong><\/span><\/p>\n<p><iframe loading=\"lazy\" title=\"YouTube video player\" src=\"https:\/\/www.youtube.com\/embed\/Cw-mo4upfwI?si=QUJRhkRKUL2GLcy9\" width=\"100%\" height=\"515\" frameborder=\"0\" allowfullscreen=\"allowfullscreen\"><\/iframe><\/p>\n<h2 data-section-id=\"dlme24\" data-start=\"850\" data-end=\"903\">GI\u1ea2I PH\u00c1P TO\u00c0N DI\u1ec6N \u2013 T\u1eea CHI\u1ebeN L\u01af\u1ee2C \u0110\u1ebeN TRI\u1ec2N KHAI<\/h2>\n<p data-start=\"905\" data-end=\"1049\">Kh\u00f4ng d\u1eebng l\u1ea1i \u1edf vi\u1ec7c gi\u1edbi thi\u1ec7u qu\u1ef9 \u0111\u1ea5t, Fancons \u0111\u1ed3ng h\u00e0nh c\u00f9ng kh\u00e1ch h\u00e0ng xuy\u00ean su\u1ed1t h\u00e0nh tr\u00ecnh \u0111\u1ea7u t\u01b0 v\u1edbi quy tr\u00ecnh chuy\u00ean nghi\u1ec7p v\u00e0 b\u00e0i b\u1ea3n.<\/p>\n<p data-start=\"1051\" data-end=\"1405\">Tr\u01b0\u1edbc ti\u00ean, \u0111\u1ed9i ng\u0169 chuy\u00ean gia ti\u1ebfn h\u00e0nh <strong data-start=\"1092\" data-end=\"1128\">kh\u1ea3o s\u00e1t v\u00e0 ph\u00e2n t\u00edch th\u1ecb tr\u01b0\u1eddng<\/strong>, \u0111\u00e1nh gi\u00e1 ti\u1ec1m n\u0103ng khu v\u1ef1c d\u1ef1a tr\u00ean c\u00e1c y\u1ebfu t\u1ed1 nh\u01b0 v\u1ecb tr\u00ed \u0111\u1ecba l\u00fd, k\u1ebft n\u1ed1i giao th\u00f4ng, h\u1ea1 t\u1ea7ng k\u1ef9 thu\u1eadt, ngu\u1ed3n nh\u00e2n l\u1ef1c v\u00e0 \u0111\u1ecbnh h\u01b0\u1edbng ph\u00e1t tri\u1ec3n v\u00f9ng. T\u1eeb \u0111\u00f3, doanh nghi\u1ec7p s\u1ebd \u0111\u01b0\u1ee3c t\u01b0 v\u1ea5n l\u1ef1a ch\u1ecdn v\u1ecb tr\u00ed ph\u00f9 h\u1ee3p nh\u1ea5t v\u1edbi ng\u00e0nh ngh\u1ec1 s\u1ea3n xu\u1ea5t, quy m\u00f4 \u0111\u1ea7u t\u01b0 v\u00e0 chi\u1ebfn l\u01b0\u1ee3c d\u00e0i h\u1ea1n.<\/p>\n<p data-start=\"1407\" data-end=\"1676\">Song song \u0111\u00f3, Fancons tri\u1ec3n khai c\u00e1c ho\u1ea1t \u0111\u1ed9ng <strong data-start=\"1454\" data-end=\"1473\">x\u00fac ti\u1ebfn \u0111\u1ea7u t\u01b0<\/strong> th\u00f4ng qua h\u1ed9i th\u1ea3o, s\u1ef1 ki\u1ec7n k\u1ebft n\u1ed1i, l\u00e0m vi\u1ec7c tr\u1ef1c ti\u1ebfp v\u1edbi c\u00e1c \u0111\u1ed1i t\u00e1c trong v\u00e0 ngo\u00e0i n\u01b0\u1edbc. \u0110i\u1ec1u n\u00e0y gi\u00fap gia t\u0103ng c\u01a1 h\u1ed9i h\u1ee3p t\u00e1c, m\u1edf r\u1ed9ng m\u1ea1ng l\u01b0\u1edbi v\u00e0 \u0111\u1ea9y nhanh qu\u00e1 tr\u00ecnh ra quy\u1ebft \u0111\u1ecbnh c\u1ee7a nh\u00e0 \u0111\u1ea7u t\u01b0.<\/p>\n<p data-start=\"1678\" data-end=\"1960\">Trong giai \u0111o\u1ea1n tri\u1ec3n khai, d\u1ecbch v\u1ee5 <strong data-start=\"1714\" data-end=\"1747\">ph\u00e2n ph\u1ed1i qu\u1ef9 \u0111\u1ea5t c\u00f4ng nghi\u1ec7p<\/strong> \u0111\u01b0\u1ee3c th\u1ef1c hi\u1ec7n m\u1ed9t c\u00e1ch minh b\u1ea1ch, hi\u1ec7u qu\u1ea3 v\u1edbi danh m\u1ee5c \u0111a d\u1ea1ng: \u0111\u1ea5t khu c\u00f4ng nghi\u1ec7p, c\u1ee5m c\u00f4ng nghi\u1ec7p, \u0111\u1ea5t s\u1ea3n xu\u1ea5t, kho b\u00e3i logistics\u2026 T\u1ea5t c\u1ea3 \u0111\u1ec1u \u0111\u01b0\u1ee3c ki\u1ec3m tra k\u1ef9 l\u01b0\u1ee1ng v\u1ec1 ph\u00e1p l\u00fd v\u00e0 kh\u1ea3 n\u0103ng khai th\u00e1c th\u1ef1c t\u1ebf.<\/p>\n<p data-start=\"1962\" data-end=\"2153\">\u0110\u1eb7c bi\u1ec7t, Fancons c\u00f2n h\u1ed7 tr\u1ee3 doanh nghi\u1ec7p trong c\u00e1c th\u1ee7 t\u1ee5c ph\u00e1p l\u00fd nh\u01b0 h\u1ed3 s\u01a1 \u0111\u1ea7u t\u01b0, gi\u1ea5y ph\u00e9p x\u00e2y d\u1ef1ng, quy ho\u1ea1ch v\u00e0 c\u00e1c quy \u0111\u1ecbnh li\u00ean quan, gi\u00fap gi\u1ea3m thi\u1ec3u r\u1ee7i ro v\u00e0 \u0111\u1ea3m b\u1ea3o ti\u1ebfn \u0111\u1ed9 d\u1ef1 \u00e1n.<\/p>\n<p data-start=\"1962\" data-end=\"2153\"><img loading=\"lazy\" decoding=\"async\" class=\"aligncenter size-large wp-image-2445\" src=\"https:\/\/fancons.com.vn\/wp-content\/uploads\/2026\/03\/z7652218544466_d8df6fca4eb5b839980292dfe89b7120-1024x666.jpg\" alt=\"\" width=\"1020\" height=\"663\" srcset=\"https:\/\/fancons.com.vn\/wp-content\/uploads\/2026\/03\/z7652218544466_d8df6fca4eb5b839980292dfe89b7120-1024x666.jpg 1024w, https:\/\/fancons.com.vn\/wp-content\/uploads\/2026\/03\/z7652218544466_d8df6fca4eb5b839980292dfe89b7120-300x195.jpg 300w, https:\/\/fancons.com.vn\/wp-content\/uploads\/2026\/03\/z7652218544466_d8df6fca4eb5b839980292dfe89b7120-768x500.jpg 768w, https:\/\/fancons.com.vn\/wp-content\/uploads\/2026\/03\/z7652218544466_d8df6fca4eb5b839980292dfe89b7120-1536x1000.jpg 1536w, https:\/\/fancons.com.vn\/wp-content\/uploads\/2026\/03\/z7652218544466_d8df6fca4eb5b839980292dfe89b7120-2048x1333.jpg 2048w, https:\/\/fancons.com.vn\/wp-content\/uploads\/2026\/03\/z7652218544466_d8df6fca4eb5b839980292dfe89b7120-18x12.jpg 18w\" sizes=\"auto, (max-width: 1020px) 100vw, 1020px\" \/><\/p>\n<h2 data-section-id=\"1duueiq\" data-start=\"2160\" data-end=\"2212\">T\u1ed0I \u01afU HI\u1ec6U QU\u1ea2 \u0110\u1ea6U T\u01af \u2013 GIA T\u0102NG GI\u00c1 TR\u1eca QU\u1ef8 \u0110\u1ea4T<\/h2>\n<p data-start=\"2214\" data-end=\"2361\">M\u1ed9t trong nh\u1eefng gi\u00e1 tr\u1ecb c\u1ed1t l\u00f5i m\u00e0 Fancons mang l\u1ea1i ch\u00ednh l\u00e0 kh\u1ea3 n\u0103ng t\u1ed1i \u01b0u h\u00f3a hi\u1ec7u qu\u1ea3 \u0111\u1ea7u t\u01b0 cho c\u1ea3 hai ph\u00eda: nh\u00e0 \u0111\u1ea7u t\u01b0 v\u00e0 ch\u1ee7 \u0111\u1ea7u t\u01b0 qu\u1ef9 \u0111\u1ea5t.<\/p>\n<p data-start=\"2363\" data-end=\"2653\">\u0110\u1ed1i v\u1edbi doanh nghi\u1ec7p, vi\u1ec7c \u0111\u01b0\u1ee3c ti\u1ebfp c\u1eadn qu\u1ef9 \u0111\u1ea5t ph\u00f9 h\u1ee3p ngay t\u1eeb \u0111\u1ea7u s\u1ebd gi\u00fap ti\u1ebft ki\u1ec7m chi ph\u00ed v\u1eadn h\u00e0nh, t\u1ed1i \u01b0u logistics, \u0111\u1ed3ng th\u1eddi t\u1eadn d\u1ee5ng t\u1ed1i \u0111a c\u00e1c l\u1ee3i th\u1ebf v\u1ec1 h\u1ea1 t\u1ea7ng v\u00e0 ngu\u1ed3n l\u1ef1c \u0111\u1ecba ph\u01b0\u01a1ng. \u0110\u00e2y l\u00e0 y\u1ebfu t\u1ed1 quan tr\u1ecdng gi\u00fap n\u00e2ng cao n\u0103ng l\u1ef1c c\u1ea1nh tranh v\u00e0 \u0111\u1ea3m b\u1ea3o s\u1ef1 ph\u00e1t tri\u1ec3n b\u1ec1n v\u1eefng.<\/p>\n<p data-start=\"2655\" data-end=\"3003\">\u0110\u1ed1i v\u1edbi ch\u1ee7 \u0111\u1ea7u t\u01b0 khu c\u00f4ng nghi\u1ec7p, Fancons \u0111\u00f3ng vai tr\u00f2 l\u00e0 \u0111\u01a1n v\u1ecb ph\u00e2n ph\u1ed1i chuy\u00ean nghi\u1ec7p, gi\u00fap gia t\u0103ng t\u1ef7 l\u1ec7 l\u1ea5p \u0111\u1ea7y, thu h\u00fat c\u00e1c d\u1ef1 \u00e1n ch\u1ea5t l\u01b0\u1ee3ng cao v\u00e0 n\u00e2ng cao gi\u00e1 tr\u1ecb th\u01b0\u01a1ng m\u1ea1i c\u1ee7a qu\u1ef9 \u0111\u1ea5t. Vi\u1ec7c k\u1ebft n\u1ed1i \u0111\u00fang \u0111\u1ed1i t\u01b0\u1ee3ng kh\u00e1ch h\u00e0ng kh\u00f4ng ch\u1ec9 gi\u00fap r\u00fat ng\u1eafn th\u1eddi gian khai th\u00e1c m\u00e0 c\u00f2n g\u00f3p ph\u1ea7n x\u00e2y d\u1ef1ng h\u1ec7 sinh th\u00e1i s\u1ea3n xu\u1ea5t \u0111\u1ed3ng b\u1ed9 v\u00e0 hi\u1ec7u qu\u1ea3.<\/p>\n<p data-start=\"2655\" data-end=\"3003\"><img loading=\"lazy\" decoding=\"async\" class=\"aligncenter size-full wp-image-1885\" src=\"https:\/\/fancons.com.vn\/wp-content\/uploads\/2025\/12\/View-01.jpg\" alt=\"\" width=\"11811\" height=\"7382\" \/><\/p>\n<h2 data-section-id=\"163wjj8\" data-start=\"3010\" data-end=\"3042\">L\u1ee2I TH\u1ebe KH\u00c1C BI\u1ec6T C\u1ee6A FANCONS<\/h2>\n<p data-start=\"3044\" data-end=\"3123\">Fancons s\u1edf h\u1eefu nhi\u1ec1u l\u1ee3i th\u1ebf n\u1ed5i b\u1eadt gi\u00fap t\u1ea1o n\u00ean s\u1ef1 kh\u00e1c bi\u1ec7t tr\u00ean th\u1ecb tr\u01b0\u1eddng:<\/p>\n<ul data-start=\"3125\" data-end=\"3514\">\n<li data-section-id=\"8e8ybs\" data-start=\"3125\" data-end=\"3223\"><strong data-start=\"3127\" data-end=\"3171\">Ngu\u1ed3n qu\u1ef9 \u0111\u1ea5t \u0111a d\u1ea1ng, v\u1ecb tr\u00ed chi\u1ebfn l\u01b0\u1ee3c<\/strong> t\u1ea1i c\u00e1c khu v\u1ef1c ph\u00e1t tri\u1ec3n c\u00f4ng nghi\u1ec7p tr\u1ecdng \u0111i\u1ec3m<\/li>\n<li data-section-id=\"1xlz5zc\" data-start=\"3224\" data-end=\"3290\"><strong data-start=\"3226\" data-end=\"3256\">Ph\u00e1p l\u00fd minh b\u1ea1ch, r\u00f5 r\u00e0ng<\/strong>, \u0111\u1ea3m b\u1ea3o an to\u00e0n cho nh\u00e0 \u0111\u1ea7u t\u01b0<\/li>\n<li data-section-id=\"5r8u6q\" data-start=\"3291\" data-end=\"3370\"><strong data-start=\"3293\" data-end=\"3324\">M\u1ea1ng l\u01b0\u1edbi \u0111\u1ed1i t\u00e1c r\u1ed9ng kh\u1eafp<\/strong>, bao g\u1ed3m c\u00e1c doanh nghi\u1ec7p trong n\u01b0\u1edbc v\u00e0 FDI<\/li>\n<li data-section-id=\"1k9gitl\" data-start=\"3371\" data-end=\"3430\"><strong data-start=\"3373\" data-end=\"3428\">Am hi\u1ec3u s\u00e2u s\u1eafc th\u1ecb tr\u01b0\u1eddng v\u00e0 ch\u00ednh s\u00e1ch \u0111\u1ecba ph\u01b0\u01a1ng<\/strong><\/li>\n<li data-section-id=\"qwvalg\" data-start=\"3431\" data-end=\"3514\"><strong data-start=\"3433\" data-end=\"3472\">\u0110\u1ed9i ng\u0169 chuy\u00ean gia gi\u00e0u kinh nghi\u1ec7m<\/strong>, t\u01b0 v\u1ea5n chuy\u00ean s\u00e2u theo t\u1eebng ng\u00e0nh ngh\u1ec1<\/li>\n<\/ul>\n<p data-start=\"3516\" data-end=\"3643\">Kh\u00f4ng ch\u1ec9 cung c\u1ea5p d\u1ecbch v\u1ee5, Fancons c\u00f2n l\u00e0 \u0111\u1ed1i t\u00e1c chi\u1ebfn l\u01b0\u1ee3c, \u0111\u1ed3ng h\u00e0nh c\u00f9ng kh\u00e1ch h\u00e0ng trong su\u1ed1t qu\u00e1 tr\u00ecnh ph\u00e1t tri\u1ec3n d\u1ef1 \u00e1n.<\/p>\n<p data-start=\"3516\" data-end=\"3643\"><img loading=\"lazy\" decoding=\"async\" class=\"aligncenter size-large wp-image-1733\" src=\"https:\/\/fancons.com.vn\/wp-content\/uploads\/2025\/11\/A_5-Photo-1024x576.jpg\" alt=\"\" width=\"1020\" height=\"574\" srcset=\"https:\/\/fancons.com.vn\/wp-content\/uploads\/2025\/11\/A_5-Photo-1024x576.jpg 1024w, https:\/\/fancons.com.vn\/wp-content\/uploads\/2025\/11\/A_5-Photo-300x169.jpg 300w, https:\/\/fancons.com.vn\/wp-content\/uploads\/2025\/11\/A_5-Photo-768x432.jpg 768w, https:\/\/fancons.com.vn\/wp-content\/uploads\/2025\/11\/A_5-Photo-1536x864.jpg 1536w, https:\/\/fancons.com.vn\/wp-content\/uploads\/2025\/11\/A_5-Photo-18x10.jpg 18w, https:\/\/fancons.com.vn\/wp-content\/uploads\/2025\/11\/A_5-Photo.jpg 1920w\" sizes=\"auto, (max-width: 1020px) 100vw, 1020px\" \/><\/p>\n<h2 data-section-id=\"c9392f\" data-start=\"3650\" data-end=\"3670\">\u0110\u1ed0I T\u01af\u1ee2NG PH\u00d9 H\u1ee2P<\/h2>\n<p data-start=\"3672\" data-end=\"3724\">D\u1ecbch v\u1ee5 ph\u00f9 h\u1ee3p v\u1edbi nhi\u1ec1u nh\u00f3m kh\u00e1ch h\u00e0ng kh\u00e1c nhau:<\/p>\n<ul data-start=\"3726\" data-end=\"3933\">\n<li data-section-id=\"9t7fbf\" data-start=\"3726\" data-end=\"3772\">Doanh nghi\u1ec7p s\u1ea3n xu\u1ea5t, gia c\u00f4ng, xu\u1ea5t kh\u1ea9u<\/li>\n<li data-section-id=\"1n7vjod\" data-start=\"3773\" data-end=\"3808\">Doanh nghi\u1ec7p logistics, kho v\u1eadn<\/li>\n<li data-section-id=\"dppfcd\" data-start=\"3809\" data-end=\"3863\">Nh\u00e0 \u0111\u1ea7u t\u01b0 n\u01b0\u1edbc ngo\u00e0i t\u00ecm ki\u1ebfm c\u01a1 h\u1ed9i t\u1ea1i Vi\u1ec7t Nam<\/li>\n<li data-section-id=\"wast4h\" data-start=\"3864\" data-end=\"3933\">Ch\u1ee7 \u0111\u1ea7u t\u01b0 khu c\u00f4ng nghi\u1ec7p, c\u1ee5m c\u00f4ng nghi\u1ec7p c\u1ea7n ph\u00e2n ph\u1ed1i qu\u1ef9 \u0111\u1ea5t<\/li>\n<\/ul>\n<p data-start=\"3935\" data-end=\"4049\">D\u00f9 \u1edf b\u1ea5t k\u1ef3 quy m\u00f4 n\u00e0o, Fancons \u0111\u1ec1u c\u00f3 gi\u1ea3i ph\u00e1p ph\u00f9 h\u1ee3p \u0111\u1ec3 \u0111\u00e1p \u1ee9ng nhu c\u1ea7u v\u00e0 m\u1ee5c ti\u00eau ri\u00eang c\u1ee7a t\u1eebng kh\u00e1ch h\u00e0ng.<\/p>\n<p data-start=\"3935\" data-end=\"4049\"><img loading=\"lazy\" decoding=\"async\" class=\"aligncenter size-large wp-image-1693\" src=\"https:\/\/fancons.com.vn\/wp-content\/uploads\/2025\/11\/1-1-1024x576.png\" alt=\"\" width=\"1020\" height=\"574\" srcset=\"https:\/\/fancons.com.vn\/wp-content\/uploads\/2025\/11\/1-1-1024x576.png 1024w, https:\/\/fancons.com.vn\/wp-content\/uploads\/2025\/11\/1-1-300x169.png 300w, https:\/\/fancons.com.vn\/wp-content\/uploads\/2025\/11\/1-1-768x432.png 768w, https:\/\/fancons.com.vn\/wp-content\/uploads\/2025\/11\/1-1-1536x864.png 1536w, https:\/\/fancons.com.vn\/wp-content\/uploads\/2025\/11\/1-1-18x10.png 18w, https:\/\/fancons.com.vn\/wp-content\/uploads\/2025\/11\/1-1.png 2048w\" sizes=\"auto, (max-width: 1020px) 100vw, 1020px\" \/><\/p>\n<h2 data-section-id=\"zokxbn\" data-start=\"4056\" data-end=\"4085\">CAM K\u1ebeT \u0110\u1ed2NG H\u00c0NH B\u1ec0N V\u1eeeNG<\/h2>\n<p data-start=\"4087\" data-end=\"4344\">V\u1edbi \u0111\u1ecbnh h\u01b0\u1edbng ph\u00e1t tri\u1ec3n l\u00e2u d\u00e0i, Fancons cam k\u1ebft mang \u0111\u1ebfn c\u00e1c gi\u1ea3i ph\u00e1p \u0111\u1ea7u t\u01b0 minh b\u1ea1ch, hi\u1ec7u qu\u1ea3 v\u00e0 b\u1ec1n v\u1eefng. M\u1ed7i d\u1ef1 \u00e1n kh\u00f4ng ch\u1ec9 l\u00e0 m\u1ed9t c\u01a1 h\u1ed9i kinh doanh m\u00e0 c\u00f2n l\u00e0 b\u01b0\u1edbc ti\u1ebfn g\u00f3p ph\u1ea7n th\u00fac \u0111\u1ea9y ph\u00e1t tri\u1ec3n kinh t\u1ebf \u0111\u1ecba ph\u01b0\u01a1ng v\u00e0 n\u00e2ng cao gi\u00e1 tr\u1ecb c\u1ed9ng \u0111\u1ed3ng.<\/p>\n<p data-start=\"4346\" data-end=\"4524\">N\u1ebfu b\u1ea1n \u0111ang t\u00ecm ki\u1ebfm qu\u1ef9 \u0111\u1ea5t c\u00f4ng nghi\u1ec7p ho\u1eb7c c\u1ea7n m\u1ed9t \u0111\u1ed1i t\u00e1c uy t\u00edn \u0111\u1ec3 x\u00fac ti\u1ebfn \u0111\u1ea7u t\u01b0, Fancons ch\u00ednh l\u00e0 l\u1ef1a ch\u1ecdn \u0111\u00e1ng tin c\u1eady \u0111\u1ec3 \u0111\u1ed3ng h\u00e0nh c\u00f9ng b\u1ea1n tr\u00ean h\u00e0nh tr\u00ecnh ph\u00e1t tri\u1ec3n.<\/p>\n<p data-start=\"4346\" data-end=\"4524\">\t<div class=\"sago_info\">\n\t\t<strong>FANCONS\u5de5\u7a0b\u5efa\u8bbe\u603b\u627f\u5305\u80a1\u4efd\u516c\u53f8<\/strong><br>\n\t\t<i class=\"ri-map-pin-line\"><\/i> \u603b\u90e8\u5730\u5740\uff1a \u6cb3\u5185\u5e02 D\u01b0\u01a1ng N\u1ed9i \u8857\u9053 Nam Cuong \u5927\u53a6<br>\n\t\t<i class=\"ri-map-pin-line\"><\/i> \u80e1\u5fd7\u660e\u5e02\u5206\u516c\u53f8\uff1a \u80e1\u5fd7\u660e\u5e02\u7b2c11\u90e1\u7b2c15\u574a L\u00ea \u0110\u1ea1i H\u00e0nh \u8857182\u53f7 Flemington Tower \u5927\u53a6<br>\n\n\t\t<i class=\"ri-phone-fill\"><\/i> Hotline: \n\t\t<a href=\"tel:0934695666\">093.469.5666<\/a> - \n\t\t<a href=\"tel:0982770645\">098.277.0645<\/a> - \n\t\t<a href=\"tel:0389227520\">0389.227.520<\/a><br>\n\n\t\t<i class=\"ri-send-plane-fill\"><\/i> \u90ae\u4ef6 <a href=\"mailto:Pc@fancons.com.vn\">Pc@fancons.com.vn<\/a><br>\n\t\t<i class=\"ri-information-line\"><\/i> MST: 0104866643  <br>\n\t\t<i class=\"ri-global-line\"><\/i> Website: <a href=\"\/zh\/\">www.fancons.com.vn<\/a>\n\t<\/div>","protected":false},"excerpt":{"rendered":"<p>Trong b\u1ed1i c\u1ea3nh Vi\u1ec7t Nam \u0111ang tr\u1edf th\u00e0nh \u0111i\u1ec3m \u0111\u1ebfn h\u1ea5p d\u1eabn c\u1ee7a d\u00f2ng v\u1ed1n \u0111\u1ea7u t\u01b0 trong v\u00e0 ngo\u00e0i n\u01b0\u1edbc, nhu c\u1ea7u t\u00ecm ki\u1ebfm qu\u1ef9 \u0111\u1ea5t c\u00f4ng nghi\u1ec7p ph\u00f9 h\u1ee3p, ph\u00e1p l\u00fd r\u00f5 r\u00e0ng v\u00e0 h\u1ea1 t\u1ea7ng \u0111\u1ed3ng b\u1ed9 ng\u00e0y c\u00e0ng gia t\u0103ng. Tuy nhi\u00ean, \u0111\u1ec3 l\u1ef1a ch\u1ecdn \u0111\u00fang v\u1ecb tr\u00ed, k\u1ebft n\u1ed1i \u0111\u00fang [&#8230;]\n","protected":false},"author":1,"featured_media":1435,"parent":0,"menu_order":0,"comment_status":"closed","ping_status":"closed","template":"","meta":{"_acf_changed":false,"footnotes":""},"class_list":["post-1224","page","type-page","status-publish","has-post-thumbnail","hentry"],"acf":[],"_links":{"self":[{"href":"https:\/\/fancons.com.vn\/zh\/wp-json\/wp\/v2\/pages\/1224","targetHints":{"allow":["GET"]}}],"collection":[{"href":"https:\/\/fancons.com.vn\/zh\/wp-json\/wp\/v2\/pages"}],"about":[{"href":"https:\/\/fancons.com.vn\/zh\/wp-json\/wp\/v2\/types\/page"}],"author":[{"embeddable":true,"href":"https:\/\/fancons.com.vn\/zh\/wp-json\/wp\/v2\/users\/1"}],"replies":[{"embeddable":true,"href":"https:\/\/fancons.com.vn\/zh\/wp-json\/wp\/v2\/comments?post=1224"}],"version-history":[{"count":10,"href":"https:\/\/fancons.com.vn\/zh\/wp-json\/wp\/v2\/pages\/1224\/revisions"}],"predecessor-version":[{"id":2488,"href":"https:\/\/fancons.com.vn\/zh\/wp-json\/wp\/v2\/pages\/1224\/revisions\/2488"}],"wp:featuredmedia":[{"embeddable":true,"href":"https:\/\/fancons.com.vn\/zh\/wp-json\/wp\/v2\/media\/1435"}],"wp:attachment":[{"href":"https:\/\/fancons.com.vn\/zh\/wp-json\/wp\/v2\/media?parent=1224"}],"curies":[{"name":"wp","href":"https:\/\/api.w.org\/{rel}","templated":true}]}}