{"id":1226,"date":"2025-11-01T10:44:43","date_gmt":"2025-11-01T03:44:43","guid":{"rendered":"https:\/\/fancons.sagomedia.vn\/?page_id=1226"},"modified":"2026-03-31T14:43:34","modified_gmt":"2026-03-31T07:43:34","slug":"buon-ban-va-lap-dat-tu-dien-cong-nghiep","status":"publish","type":"page","link":"https:\/\/fancons.com.vn\/zh\/buon-ban-va-lap-dat-tu-dien-cong-nghiep\/","title":{"rendered":"Bu\u00f4n b\u00e1n v\u00e0 l\u1eafp \u0111\u1eb7t t\u1ee7 \u0111i\u1ec7n c\u00f4ng nghi\u1ec7p"},"content":{"rendered":"<p data-start=\"195\" data-end=\"573\">Trong c\u00e1c nh\u00e0 m\u00e1y, khu c\u00f4ng nghi\u1ec7p hay h\u1ec7 th\u1ed1ng h\u1ea1 t\u1ea7ng k\u1ef9 thu\u1eadt, t\u1ee7 \u0111i\u1ec7n c\u00f4ng nghi\u1ec7p \u0111\u00f3ng vai tr\u00f2 \u201ctrung t\u00e2m \u0111i\u1ec1u khi\u1ec3n\u201d, \u0111\u1ea3m b\u1ea3o v\u1eadn h\u00e0nh \u1ed5n \u0111\u1ecbnh, an to\u00e0n v\u00e0 li\u00ean t\u1ee5c cho to\u00e0n b\u1ed9 h\u1ec7 th\u1ed1ng \u0111i\u1ec7n. Vi\u1ec7c l\u1ef1a ch\u1ecdn \u0111\u00fang lo\u1ea1i t\u1ee7 \u0111i\u1ec7n, thi\u1ebft k\u1ebf ph\u00f9 h\u1ee3p v\u00e0 thi c\u00f4ng \u0111\u1ea1t chu\u1ea9n k\u1ef9 thu\u1eadt l\u00e0 y\u1ebfu t\u1ed1 then ch\u1ed1t gi\u00fap doanh nghi\u1ec7p t\u1ed1i \u01b0u hi\u1ec7u su\u1ea5t v\u00e0 gi\u1ea3m thi\u1ec3u r\u1ee7i ro trong qu\u00e1 tr\u00ecnh v\u1eadn h\u00e0nh.<\/p>\n<p data-start=\"575\" data-end=\"800\">\u670d\u52a1 <strong data-start=\"583\" data-end=\"626\">Bu\u00f4n b\u00e1n v\u00e0 l\u1eafp \u0111\u1eb7t t\u1ee7 \u0111i\u1ec7n c\u00f4ng nghi\u1ec7p<\/strong> c\u1ee7a Fancons mang \u0111\u1ebfn gi\u1ea3i ph\u00e1p to\u00e0n di\u1ec7n t\u1eeb t\u01b0 v\u1ea5n, thi\u1ebft k\u1ebf, s\u1ea3n xu\u1ea5t \u0111\u1ebfn l\u1eafp \u0111\u1eb7t v\u00e0 b\u1ea3o tr\u00ec, \u0111\u00e1p \u1ee9ng \u0111a d\u1ea1ng nhu c\u1ea7u c\u1ee7a c\u00e1c c\u00f4ng tr\u00ecnh c\u00f4ng nghi\u1ec7p v\u00e0 d\u00e2n d\u1ee5ng quy m\u00f4 l\u1edbn.<\/p>\n<h2 data-section-id=\"1sgf2xh\" data-start=\"807\" data-end=\"856\">GI\u1ea2I PH\u00c1P T\u1ee6 \u0110I\u1ec6N \u0110\u1ed2NG B\u1ed8 \u2013 AN TO\u00c0N \u2013 HI\u1ec6U QU\u1ea2<\/h2>\n<p data-start=\"858\" data-end=\"944\">Fancons cung c\u1ea5p \u0111\u1ea7y \u0111\u1ee7 c\u00e1c lo\u1ea1i t\u1ee7 \u0111i\u1ec7n c\u00f4ng nghi\u1ec7p ph\u1ee5c v\u1ee5 nhi\u1ec1u m\u1ee5c \u0111\u00edch kh\u00e1c nhau:<\/p>\n<ul data-start=\"946\" data-end=\"1525\">\n<li data-section-id=\"17cud6v\" data-start=\"946\" data-end=\"1064\"><strong data-start=\"948\" data-end=\"984\">T\u1ee7 \u0111i\u1ec7n ph\u00e2n ph\u1ed1i (DB, MSB, MDB)<\/strong><br data-start=\"984\" data-end=\"987\" \/>\u0110\u1ea3m b\u1ea3o ph\u00e2n ph\u1ed1i \u0111i\u1ec7n n\u0103ng \u1ed5n \u0111\u1ecbnh t\u1eeb ngu\u1ed3n ch\u00ednh \u0111\u1ebfn c\u00e1c khu v\u1ef1c s\u1eed d\u1ee5ng.<\/li>\n<li data-section-id=\"4vjg5s\" data-start=\"1066\" data-end=\"1176\"><strong data-start=\"1068\" data-end=\"1106\">T\u1ee7 \u0111i\u1ec7n \u0111i\u1ec1u khi\u1ec3n (Control Panel)<\/strong><br data-start=\"1106\" data-end=\"1109\" \/>\u0110i\u1ec1u khi\u1ec3n m\u00e1y m\u00f3c, d\u00e2y chuy\u1ec1n s\u1ea3n xu\u1ea5t t\u1ef1 \u0111\u1ed9ng ho\u1eb7c b\u00e1n t\u1ef1 \u0111\u1ed9ng.<\/li>\n<li data-section-id=\"1khz7nf\" data-start=\"1178\" data-end=\"1292\"><strong data-start=\"1180\" data-end=\"1206\">T\u1ee7 \u0111i\u1ec7n \u0111\u1ed9ng l\u1ef1c (MCC)<\/strong><br data-start=\"1206\" data-end=\"1209\" \/>Ph\u1ee5c v\u1ee5 v\u1eadn h\u00e0nh c\u00e1c thi\u1ebft b\u1ecb c\u00f4ng su\u1ea5t l\u1edbn nh\u01b0 motor, m\u00e1y b\u01a1m, qu\u1ea1t c\u00f4ng nghi\u1ec7p.<\/li>\n<li data-section-id=\"yujoem\" data-start=\"1294\" data-end=\"1398\"><strong data-start=\"1296\" data-end=\"1311\">T\u1ee7 \u0111i\u1ec7n ATS<\/strong><br data-start=\"1311\" data-end=\"1314\" \/>T\u1ef1 \u0111\u1ed9ng chuy\u1ec3n ngu\u1ed3n gi\u1eefa \u0111i\u1ec7n l\u01b0\u1edbi v\u00e0 m\u00e1y ph\u00e1t, \u0111\u1ea3m b\u1ea3o kh\u00f4ng gi\u00e1n \u0111o\u1ea1n h\u1ec7 th\u1ed1ng.<\/li>\n<li data-section-id=\"30ykdu\" data-start=\"1400\" data-end=\"1525\"><strong data-start=\"1402\" data-end=\"1450\">T\u1ee7 \u0111i\u1ec7n ngo\u00e0i tr\u1eddi, t\u1ee7 ch\u1ed1ng n\u01b0\u1edbc, ch\u1ed1ng b\u1ee5i<\/strong><br data-start=\"1450\" data-end=\"1453\" \/>Ph\u00f9 h\u1ee3p v\u1edbi m\u00f4i tr\u01b0\u1eddng kh\u1eafc nghi\u1ec7t, \u0111\u1ea3m b\u1ea3o \u0111\u1ed9 b\u1ec1n v\u00e0 an to\u00e0n l\u00e2u d\u00e0i.<\/li>\n<\/ul>\n<p data-start=\"1527\" data-end=\"1659\">M\u1ed7i s\u1ea3n ph\u1ea9m \u0111\u1ec1u \u0111\u01b0\u1ee3c thi\u1ebft k\u1ebf ri\u00eang theo y\u00eau c\u1ea7u th\u1ef1c t\u1ebf c\u1ee7a t\u1eebng d\u1ef1 \u00e1n, \u0111\u1ea3m b\u1ea3o t\u1ed1i \u01b0u c\u00f4ng n\u0103ng v\u00e0 ph\u00f9 h\u1ee3p v\u1edbi h\u1ec7 th\u1ed1ng t\u1ed5ng th\u1ec3.<\/p>\n<p style=\"text-align: center;\" data-start=\"1527\" data-end=\"1659\"><a href=\"tel:0934695666\"><span style=\"font-size: 120%;\"><strong>G\u1ecdi t\u01b0 v\u1ea5n ngay: 093.469.5666<\/strong><\/span><\/a><\/p>\n<p><img loading=\"lazy\" decoding=\"async\" class=\"aligncenter size-large wp-image-2457\" src=\"https:\/\/fancons.com.vn\/wp-content\/uploads\/2026\/03\/z7651932923427_0539744e447830836f281261374e082a-1024x768.jpg\" alt=\"\" width=\"1020\" height=\"765\" srcset=\"https:\/\/fancons.com.vn\/wp-content\/uploads\/2026\/03\/z7651932923427_0539744e447830836f281261374e082a-1024x768.jpg 1024w, https:\/\/fancons.com.vn\/wp-content\/uploads\/2026\/03\/z7651932923427_0539744e447830836f281261374e082a-300x225.jpg 300w, https:\/\/fancons.com.vn\/wp-content\/uploads\/2026\/03\/z7651932923427_0539744e447830836f281261374e082a-768x576.jpg 768w, https:\/\/fancons.com.vn\/wp-content\/uploads\/2026\/03\/z7651932923427_0539744e447830836f281261374e082a-16x12.jpg 16w, https:\/\/fancons.com.vn\/wp-content\/uploads\/2026\/03\/z7651932923427_0539744e447830836f281261374e082a.jpg 1280w\" sizes=\"auto, (max-width: 1020px) 100vw, 1020px\" \/><\/p>\n<h2 data-section-id=\"12tiakh\" data-start=\"1666\" data-end=\"1703\">QUY TR\u00ccNH TRI\u1ec2N KHAI CHUY\u00caN NGHI\u1ec6P<\/h2>\n<p data-start=\"1705\" data-end=\"1786\">Fancons \u00e1p d\u1ee5ng quy tr\u00ecnh tri\u1ec3n khai b\u00e0i b\u1ea3n, gi\u00fap \u0111\u1ea3m b\u1ea3o ch\u1ea5t l\u01b0\u1ee3ng v\u00e0 ti\u1ebfn \u0111\u1ed9:<\/p>\n<p data-start=\"1788\" data-end=\"1947\"><strong data-start=\"1788\" data-end=\"1822\">1. Kh\u1ea3o s\u00e1t &amp; t\u01b0 v\u1ea5n gi\u1ea3i ph\u00e1p<\/strong><br data-start=\"1822\" data-end=\"1825\" \/>\u0110\u1ed9i ng\u0169 k\u1ef9 s\u01b0 tr\u1ef1c ti\u1ebfp kh\u1ea3o s\u00e1t c\u00f4ng tr\u00ecnh, ph\u00e2n t\u00edch nhu c\u1ea7u s\u1eed d\u1ee5ng v\u00e0 \u0111\u1ec1 xu\u1ea5t ph\u01b0\u01a1ng \u00e1n t\u1ed1i \u01b0u v\u1ec1 k\u1ef9 thu\u1eadt v\u00e0 chi ph\u00ed.<\/p>\n<p data-start=\"1949\" data-end=\"2101\"><strong data-start=\"1949\" data-end=\"1980\">2. Thi\u1ebft k\u1ebf b\u1ea3n v\u1ebd k\u1ef9 thu\u1eadt<\/strong><br data-start=\"1980\" data-end=\"1983\" \/>L\u1eadp s\u01a1 \u0111\u1ed3 nguy\u00ean l\u00fd, b\u1ea3n v\u1ebd b\u1ed1 tr\u00ed thi\u1ebft b\u1ecb, \u0111\u1ea3m b\u1ea3o tu\u00e2n th\u1ee7 ti\u00eau chu\u1ea9n an to\u00e0n \u0111i\u1ec7n v\u00e0 ph\u00f9 h\u1ee3p v\u1edbi th\u1ef1c t\u1ebf v\u1eadn h\u00e0nh.<\/p>\n<p data-start=\"2103\" data-end=\"2249\"><strong data-start=\"2103\" data-end=\"2136\">3. Gia c\u00f4ng &amp; l\u1eafp r\u00e1p t\u1ee7 \u0111i\u1ec7n<\/strong><br data-start=\"2136\" data-end=\"2139\" \/>T\u1ee7 \u0111i\u1ec7n \u0111\u01b0\u1ee3c s\u1ea3n xu\u1ea5t t\u1ea1i x\u01b0\u1edfng v\u1edbi h\u1ec7 th\u1ed1ng m\u00e1y m\u00f3c hi\u1ec7n \u0111\u1ea1i, linh ki\u1ec7n ch\u00ednh h\u00e3ng, \u0111\u1ea3m b\u1ea3o \u0111\u1ed9 ch\u00ednh x\u00e1c cao.<\/p>\n<p data-start=\"2251\" data-end=\"2380\"><strong data-start=\"2251\" data-end=\"2290\">4. L\u1eafp \u0111\u1eb7t &amp; \u0111\u1ea5u n\u1ed1i t\u1ea1i c\u00f4ng tr\u00ecnh<\/strong><br data-start=\"2290\" data-end=\"2293\" \/>Thi c\u00f4ng nhanh ch\u00f3ng, \u0111\u00fang k\u1ef9 thu\u1eadt, \u0111\u1ea3m b\u1ea3o an to\u00e0n tuy\u1ec7t \u0111\u1ed1i trong qu\u00e1 tr\u00ecnh l\u1eafp \u0111\u1eb7t.<\/p>\n<p data-start=\"2382\" data-end=\"2523\"><strong data-start=\"2382\" data-end=\"2418\">5. Ki\u1ec3m tra, v\u1eadn h\u00e0nh &amp; b\u00e0n giao<\/strong><br data-start=\"2418\" data-end=\"2421\" \/>Ti\u1ebfn h\u00e0nh test to\u00e0n b\u1ed9 h\u1ec7 th\u1ed1ng tr\u01b0\u1edbc khi \u0111\u01b0a v\u00e0o s\u1eed d\u1ee5ng, h\u01b0\u1edbng d\u1eabn v\u1eadn h\u00e0nh chi ti\u1ebft cho kh\u00e1ch h\u00e0ng.<\/p>\n<p data-start=\"2382\" data-end=\"2523\"><img loading=\"lazy\" decoding=\"async\" class=\"aligncenter size-large wp-image-2458\" src=\"https:\/\/fancons.com.vn\/wp-content\/uploads\/2026\/03\/z7651932300020_03a194a6c9f7d58a3bb1c1be302d7fd5-1024x768.jpg\" alt=\"\" width=\"1020\" height=\"765\" srcset=\"https:\/\/fancons.com.vn\/wp-content\/uploads\/2026\/03\/z7651932300020_03a194a6c9f7d58a3bb1c1be302d7fd5-1024x768.jpg 1024w, https:\/\/fancons.com.vn\/wp-content\/uploads\/2026\/03\/z7651932300020_03a194a6c9f7d58a3bb1c1be302d7fd5-300x225.jpg 300w, https:\/\/fancons.com.vn\/wp-content\/uploads\/2026\/03\/z7651932300020_03a194a6c9f7d58a3bb1c1be302d7fd5-768x576.jpg 768w, https:\/\/fancons.com.vn\/wp-content\/uploads\/2026\/03\/z7651932300020_03a194a6c9f7d58a3bb1c1be302d7fd5-1536x1152.jpg 1536w, https:\/\/fancons.com.vn\/wp-content\/uploads\/2026\/03\/z7651932300020_03a194a6c9f7d58a3bb1c1be302d7fd5-2048x1536.jpg 2048w, https:\/\/fancons.com.vn\/wp-content\/uploads\/2026\/03\/z7651932300020_03a194a6c9f7d58a3bb1c1be302d7fd5-16x12.jpg 16w\" sizes=\"auto, (max-width: 1020px) 100vw, 1020px\" \/> <img loading=\"lazy\" decoding=\"async\" class=\"aligncenter size-large wp-image-2463\" src=\"https:\/\/fancons.com.vn\/wp-content\/uploads\/2026\/03\/z7651992581398_1011dd2cc77c855735be664017af5c15-1024x767.jpg\" alt=\"\" width=\"1020\" height=\"764\" srcset=\"https:\/\/fancons.com.vn\/wp-content\/uploads\/2026\/03\/z7651992581398_1011dd2cc77c855735be664017af5c15-1024x767.jpg 1024w, https:\/\/fancons.com.vn\/wp-content\/uploads\/2026\/03\/z7651992581398_1011dd2cc77c855735be664017af5c15-300x225.jpg 300w, https:\/\/fancons.com.vn\/wp-content\/uploads\/2026\/03\/z7651992581398_1011dd2cc77c855735be664017af5c15-768x575.jpg 768w, https:\/\/fancons.com.vn\/wp-content\/uploads\/2026\/03\/z7651992581398_1011dd2cc77c855735be664017af5c15-16x12.jpg 16w, https:\/\/fancons.com.vn\/wp-content\/uploads\/2026\/03\/z7651992581398_1011dd2cc77c855735be664017af5c15.jpg 1276w\" sizes=\"auto, (max-width: 1020px) 100vw, 1020px\" \/><\/p>\n<h2 data-section-id=\"t4i4sd\" data-start=\"2530\" data-end=\"2573\">CH\u1ea4T L\u01af\u1ee2NG \u0110\u1ebeN T\u1eea LINH KI\u1ec6N &amp; TI\u00caU CHU\u1ea8N<\/h2>\n<p data-start=\"2575\" data-end=\"2790\">Fancons cam k\u1ebft s\u1eed d\u1ee5ng c\u00e1c thi\u1ebft b\u1ecb \u0111i\u1ec7n t\u1eeb nh\u1eefng th\u01b0\u01a1ng hi\u1ec7u uy t\u00edn tr\u00ean th\u1ecb tr\u01b0\u1eddng, \u0111\u1ea3m b\u1ea3o ch\u1ea5t l\u01b0\u1ee3ng v\u00e0 \u0111\u1ed9 b\u1ec1n cao. T\u1ea5t c\u1ea3 t\u1ee7 \u0111i\u1ec7n \u0111\u1ec1u \u0111\u01b0\u1ee3c s\u1ea3n xu\u1ea5t theo c\u00e1c ti\u00eau chu\u1ea9n k\u1ef9 thu\u1eadt nghi\u00eam ng\u1eb7t, \u0111\u00e1p \u1ee9ng y\u00eau c\u1ea7u v\u1ec1:<\/p>\n<ul data-start=\"2792\" data-end=\"2972\">\n<li data-section-id=\"brabyb\" data-start=\"2792\" data-end=\"2808\">An to\u00e0n \u0111i\u1ec7n<\/li>\n<li data-section-id=\"15r5upl\" data-start=\"2809\" data-end=\"2847\">Kh\u1ea3 n\u0103ng ch\u1ecbu t\u1ea3i v\u00e0 ch\u1ed1ng qu\u00e1 t\u1ea3i<\/li>\n<li data-section-id=\"zvsysl\" data-start=\"2848\" data-end=\"2886\">\u0110\u1ed9 b\u1ec1n c\u01a1 h\u1ecdc v\u00e0 tu\u1ed5i th\u1ecd thi\u1ebft b\u1ecb<\/li>\n<li data-section-id=\"5zlzv4\" data-start=\"2887\" data-end=\"2926\">Kh\u1ea3 n\u0103ng ch\u1ed1ng b\u1ee5i, ch\u1ed1ng n\u01b0\u1edbc (IP)<\/li>\n<li data-section-id=\"1rk61k3\" data-start=\"2927\" data-end=\"2972\">T\u00ednh \u1ed5n \u0111\u1ecbnh trong m\u00f4i tr\u01b0\u1eddng c\u00f4ng nghi\u1ec7p<\/li>\n<\/ul>\n<p data-start=\"2974\" data-end=\"3093\">Vi\u1ec7c tu\u00e2n th\u1ee7 ti\u00eau chu\u1ea9n gi\u00fap h\u1ec7 th\u1ed1ng ho\u1ea1t \u0111\u1ed9ng \u1ed5n \u0111\u1ecbnh, h\u1ea1n ch\u1ebf t\u1ed1i \u0111a s\u1ef1 c\u1ed1 v\u00e0 ti\u1ebft ki\u1ec7m chi ph\u00ed b\u1ea3o tr\u00ec v\u1ec1 l\u00e2u d\u00e0i.<\/p>\n<p data-start=\"2974\" data-end=\"3093\"><img loading=\"lazy\" decoding=\"async\" class=\"aligncenter size-large wp-image-2462\" src=\"https:\/\/fancons.com.vn\/wp-content\/uploads\/2026\/03\/z7651992581368_bbaa6313545df264c3a07a8c67fd0aea-1-1024x742.jpg\" alt=\"\" width=\"1020\" height=\"739\" srcset=\"https:\/\/fancons.com.vn\/wp-content\/uploads\/2026\/03\/z7651992581368_bbaa6313545df264c3a07a8c67fd0aea-1-1024x742.jpg 1024w, https:\/\/fancons.com.vn\/wp-content\/uploads\/2026\/03\/z7651992581368_bbaa6313545df264c3a07a8c67fd0aea-1-300x218.jpg 300w, https:\/\/fancons.com.vn\/wp-content\/uploads\/2026\/03\/z7651992581368_bbaa6313545df264c3a07a8c67fd0aea-1-768x557.jpg 768w, https:\/\/fancons.com.vn\/wp-content\/uploads\/2026\/03\/z7651992581368_bbaa6313545df264c3a07a8c67fd0aea-1-18x12.jpg 18w, https:\/\/fancons.com.vn\/wp-content\/uploads\/2026\/03\/z7651992581368_bbaa6313545df264c3a07a8c67fd0aea-1.jpg 1280w\" sizes=\"auto, (max-width: 1020px) 100vw, 1020px\" \/><\/p>\n<h2 data-section-id=\"12ybyrq\" data-start=\"3100\" data-end=\"3131\">L\u1ee2I TH\u1ebe KHI L\u1ef0A CH\u1eccN FANCONS<\/h2>\n<p data-start=\"3133\" data-end=\"3369\">\u2714\ufe0f <strong data-start=\"3136\" data-end=\"3178\">Thi\u1ebft k\u1ebf theo y\u00eau c\u1ea7u \u2013 t\u1ed1i \u01b0u chi ph\u00ed<\/strong><br data-start=\"3178\" data-end=\"3181\" \/>\u2714\ufe0f <strong data-start=\"3184\" data-end=\"3238\">Gia c\u00f4ng tr\u1ef1c ti\u1ebfp \u2013 ki\u1ec3m so\u00e1t ch\u1ea5t l\u01b0\u1ee3ng ch\u1eb7t ch\u1ebd<\/strong><br data-start=\"3238\" data-end=\"3241\" \/>\u2714\ufe0f <strong data-start=\"3244\" data-end=\"3278\">\u0110\u1ed9i ng\u0169 k\u1ef9 s\u01b0 gi\u00e0u kinh nghi\u1ec7m<\/strong><br data-start=\"3278\" data-end=\"3281\" \/>\u2714\ufe0f <strong data-start=\"3284\" data-end=\"3317\">Thi c\u00f4ng nhanh \u2013 \u0111\u00fang ti\u1ebfn \u0111\u1ed9<\/strong><br data-start=\"3317\" data-end=\"3320\" \/>\u2714\ufe0f <strong data-start=\"3323\" data-end=\"3369\">B\u1ea3o h\u00e0nh r\u00f5 r\u00e0ng \u2013 h\u1ed7 tr\u1ee3 k\u1ef9 thu\u1eadt l\u00e2u d\u00e0i<\/strong><\/p>\n<p data-start=\"3371\" data-end=\"3481\">Fancons kh\u00f4ng ch\u1ec9 cung c\u1ea5p s\u1ea3n ph\u1ea9m, m\u00e0 c\u00f2n mang \u0111\u1ebfn gi\u1ea3i ph\u00e1p v\u1eadn h\u00e0nh hi\u1ec7u qu\u1ea3 v\u00e0 b\u1ec1n v\u1eefng cho doanh nghi\u1ec7p.<\/p>\n<p data-start=\"3371\" data-end=\"3481\"><img loading=\"lazy\" decoding=\"async\" class=\"aligncenter size-large wp-image-2460\" src=\"https:\/\/fancons.com.vn\/wp-content\/uploads\/2026\/03\/z7651932923410_2a1555d23b7083fb02cc35a5f8930efe-768x1024.jpg\" alt=\"\" width=\"768\" height=\"1024\" srcset=\"https:\/\/fancons.com.vn\/wp-content\/uploads\/2026\/03\/z7651932923410_2a1555d23b7083fb02cc35a5f8930efe-768x1024.jpg 768w, https:\/\/fancons.com.vn\/wp-content\/uploads\/2026\/03\/z7651932923410_2a1555d23b7083fb02cc35a5f8930efe-225x300.jpg 225w, https:\/\/fancons.com.vn\/wp-content\/uploads\/2026\/03\/z7651932923410_2a1555d23b7083fb02cc35a5f8930efe-9x12.jpg 9w, https:\/\/fancons.com.vn\/wp-content\/uploads\/2026\/03\/z7651932923410_2a1555d23b7083fb02cc35a5f8930efe.jpg 960w\" sizes=\"auto, (max-width: 768px) 100vw, 768px\" \/><\/p>\n<h2 data-section-id=\"11q03go\" data-start=\"3874\" data-end=\"3892\">CAM K\u1ebeT GI\u00c1 TR\u1eca<\/h2>\n<p data-start=\"3894\" data-end=\"4163\">Fancons cam k\u1ebft mang \u0111\u1ebfn c\u00e1c s\u1ea3n ph\u1ea9m v\u00e0 d\u1ecbch v\u1ee5 t\u1ee7 \u0111i\u1ec7n c\u00f4ng nghi\u1ec7p v\u1edbi ch\u1ea5t l\u01b0\u1ee3ng cao, an to\u00e0n tuy\u1ec7t \u0111\u1ed1i v\u00e0 hi\u1ec7u qu\u1ea3 l\u00e2u d\u00e0i. Ch\u00fang t\u00f4i lu\u00f4n \u0111\u1eb7t l\u1ee3i \u00edch c\u1ee7a kh\u00e1ch h\u00e0ng l\u00ean h\u00e0ng \u0111\u1ea7u, \u0111\u1ed3ng h\u00e0nh t\u1eeb kh\u00e2u t\u01b0 v\u1ea5n \u0111\u1ebfn v\u1eadn h\u00e0nh, gi\u00fap doanh nghi\u1ec7p y\u00ean t\u00e2m ph\u00e1t tri\u1ec3n s\u1ea3n xu\u1ea5t.<\/p>\n<h2 data-section-id=\"15k9dsd\" data-start=\"4170\" data-end=\"4187\">LI\u00caN H\u1ec6 T\u01af V\u1ea4N<\/h2>\n<p data-start=\"4189\" data-end=\"4360\">N\u1ebfu b\u1ea1n \u0111ang t\u00ecm ki\u1ebfm \u0111\u01a1n v\u1ecb uy t\u00edn \u0111\u1ec3 <strong data-start=\"4228\" data-end=\"4271\">cung c\u1ea5p v\u00e0 l\u1eafp \u0111\u1eb7t t\u1ee7 \u0111i\u1ec7n c\u00f4ng nghi\u1ec7p<\/strong>, Fancons s\u1eb5n s\u00e0ng \u0111\u1ed3ng h\u00e0nh c\u00f9ng b\u1ea1n v\u1edbi gi\u1ea3i ph\u00e1p t\u1ed1i \u01b0u \u2013 nhanh ch\u00f3ng \u2013 chuy\u00ean nghi\u1ec7p.<\/p>\n<p data-start=\"4189\" data-end=\"4360\">\t<div class=\"sago_info\">\n\t\t<strong>FANCONS\u5de5\u7a0b\u5efa\u8bbe\u603b\u627f\u5305\u80a1\u4efd\u516c\u53f8<\/strong><br>\n\t\t<i class=\"ri-map-pin-line\"><\/i> \u603b\u90e8\u5730\u5740\uff1a \u6cb3\u5185\u5e02 D\u01b0\u01a1ng N\u1ed9i \u8857\u9053 Nam Cuong \u5927\u53a6<br>\n\t\t<i class=\"ri-map-pin-line\"><\/i> \u80e1\u5fd7\u660e\u5e02\u5206\u516c\u53f8\uff1a \u80e1\u5fd7\u660e\u5e02\u7b2c11\u90e1\u7b2c15\u574a L\u00ea \u0110\u1ea1i H\u00e0nh \u8857182\u53f7 Flemington Tower \u5927\u53a6<br>\n\n\t\t<i class=\"ri-phone-fill\"><\/i> Hotline: \n\t\t<a href=\"tel:0934695666\">093.469.5666<\/a> - \n\t\t<a href=\"tel:0982770645\">098.277.0645<\/a> - \n\t\t<a href=\"tel:0389227520\">0389.227.520<\/a><br>\n\n\t\t<i class=\"ri-send-plane-fill\"><\/i> \u90ae\u4ef6 <a href=\"mailto:Pc@fancons.com.vn\">Pc@fancons.com.vn<\/a><br>\n\t\t<i class=\"ri-information-line\"><\/i> MST: 0104866643  <br>\n\t\t<i class=\"ri-global-line\"><\/i> Website: <a href=\"\/zh\/\">www.fancons.com.vn<\/a>\n\t<\/div>","protected":false},"excerpt":{"rendered":"<p>Trong c\u00e1c nh\u00e0 m\u00e1y, khu c\u00f4ng nghi\u1ec7p hay h\u1ec7 th\u1ed1ng h\u1ea1 t\u1ea7ng k\u1ef9 thu\u1eadt, t\u1ee7 \u0111i\u1ec7n c\u00f4ng nghi\u1ec7p \u0111\u00f3ng vai tr\u00f2 \u201ctrung t\u00e2m \u0111i\u1ec1u khi\u1ec3n\u201d, \u0111\u1ea3m b\u1ea3o v\u1eadn h\u00e0nh \u1ed5n \u0111\u1ecbnh, an to\u00e0n v\u00e0 li\u00ean t\u1ee5c cho to\u00e0n b\u1ed9 h\u1ec7 th\u1ed1ng \u0111i\u1ec7n. Vi\u1ec7c l\u1ef1a ch\u1ecdn \u0111\u00fang lo\u1ea1i t\u1ee7 \u0111i\u1ec7n, thi\u1ebft k\u1ebf ph\u00f9 h\u1ee3p v\u00e0 thi [&#8230;]\n","protected":false},"author":1,"featured_media":2462,"parent":0,"menu_order":0,"comment_status":"closed","ping_status":"closed","template":"","meta":{"_acf_changed":false,"footnotes":""},"class_list":["post-1226","page","type-page","status-publish","has-post-thumbnail","hentry"],"acf":[],"_links":{"self":[{"href":"https:\/\/fancons.com.vn\/zh\/wp-json\/wp\/v2\/pages\/1226","targetHints":{"allow":["GET"]}}],"collection":[{"href":"https:\/\/fancons.com.vn\/zh\/wp-json\/wp\/v2\/pages"}],"about":[{"href":"https:\/\/fancons.com.vn\/zh\/wp-json\/wp\/v2\/types\/page"}],"author":[{"embeddable":true,"href":"https:\/\/fancons.com.vn\/zh\/wp-json\/wp\/v2\/users\/1"}],"replies":[{"embeddable":true,"href":"https:\/\/fancons.com.vn\/zh\/wp-json\/wp\/v2\/comments?post=1226"}],"version-history":[{"count":11,"href":"https:\/\/fancons.com.vn\/zh\/wp-json\/wp\/v2\/pages\/1226\/revisions"}],"predecessor-version":[{"id":1437,"href":"https:\/\/fancons.com.vn\/zh\/wp-json\/wp\/v2\/pages\/1226\/revisions\/1437"}],"wp:featuredmedia":[{"embeddable":true,"href":"https:\/\/fancons.com.vn\/zh\/wp-json\/wp\/v2\/media\/2462"}],"wp:attachment":[{"href":"https:\/\/fancons.com.vn\/zh\/wp-json\/wp\/v2\/media?parent=1226"}],"curies":[{"name":"wp","href":"https:\/\/api.w.org\/{rel}","templated":true}]}}