{"id":564,"date":"2025-07-18T10:22:22","date_gmt":"2025-07-18T03:22:22","guid":{"rendered":"https:\/\/beta.binhha.vn\/?page_id=564"},"modified":"2025-09-06T14:49:02","modified_gmt":"2025-09-06T07:49:02","slug":"cau-hoi-thuong-gap","status":"publish","type":"page","link":"https:\/\/fancons.com.vn\/zh\/cau-hoi-thuong-gap\/","title":{"rendered":"\u5e38\u89c1\u95ee\u9898"},"content":{"rendered":"<h3 data-start=\"174\" data-end=\"228\">1. FanCons cung c\u1ea5p nh\u1eefng d\u1ecbch v\u1ee5 ch\u00ednh n\u00e0o?<\/h3>\n<p data-start=\"229\" data-end=\"281\">C\u00f4ng ty TNHH FanCons chuy\u00ean thi c\u00f4ng c\u00e1c d\u1ecbch v\u1ee5:<\/p>\n<ul>\n<li><a href=\"https:\/\/fancons.com.vn\/zh\/gia-cong-san-xuat-nhom-kinh-va-vat-lieu-kinh\/\">Gia c\u00f4ng \u2013 s\u1ea3n xu\u1ea5t nh\u00f4m k\u00ednh v\u00e0 v\u1eadt li\u1ec7u k\u00ednh<\/a><\/li>\n<li><a href=\"https:\/\/fancons.com.vn\/zh\/phan-phoi-va-thi-cong-kinh-noi-ngoai-that\/\">Ph\u00e2n ph\u1ed1i v\u00e0 thi c\u00f4ng k\u00ednh n\u1ed9i \u2013 ngo\u1ea1i th\u1ea5t<\/a><\/li>\n<li><a href=\"https:\/\/fancons.com.vn\/zh\/thi-cong-hang-muc-kim-loai-va-ket-cau-phu-tro\/\">Thi c\u00f4ng h\u1ea1ng m\u1ee5c kim lo\u1ea1i v\u00e0 k\u1ebft c\u1ea5u ph\u1ee5 tr\u1ee3<\/a><\/li>\n<li><a href=\"https:\/\/fancons.com.vn\/zh\/san-xuat-va-lap-dat-cua-nhom-kinh-nhua-kinh\/\">S\u1ea3n xu\u1ea5t v\u00e0 l\u1eafp \u0111\u1eb7t c\u1eeda nh\u00f4m k\u00ednh \u2013 nh\u1ef1a k\u00ednh<\/a><\/li>\n<li><a href=\"https:\/\/fancons.com.vn\/zh\/tu-van-thiet-ke-giai-phap-vat-lieu-kinh-kim-loai\/\">T\u01b0 v\u1ea5n \u2013 thi\u1ebft k\u1ebf gi\u1ea3i ph\u00e1p v\u1eadt li\u1ec7u k\u00ednh &amp; kim lo\u1ea1i<\/a><\/li>\n<li><a href=\"https:\/\/fancons.com.vn\/zh\/cung-cap-lap-dat-tron-goi-theo-yeu-cau-du-an\/\">Cung c\u1ea5p \u2013 l\u1eafp \u0111\u1eb7t tr\u1ecdn g\u00f3i theo y\u00eau c\u1ea7u d\u1ef1 \u00e1n<\/a><\/li>\n<\/ul>\n<h3 data-start=\"451\" data-end=\"511\">2. FanCons nh\u1eadn thi c\u00f4ng c\u00f4ng tr\u00ecnh \u1edf khu v\u1ef1c n\u00e0o?<\/h3>\n<p data-start=\"512\" data-end=\"645\">Ch\u00fang t\u00f4i nh\u1eadn thi c\u00f4ng t\u1ea1i t\u1ea5t c\u1ea3 c\u00e1c t\u1ec9nh th\u00e0nh \u1edf Vi\u1ec7t Nam<\/p>\n<h3 data-start=\"652\" data-end=\"712\">3. Th\u1eddi gian ho\u00e0n thi\u1ec7n m\u1ed9t c\u00f4ng tr\u00ecnh l\u00e0 bao l\u00e2u?<\/h3>\n<p data-start=\"713\" data-end=\"877\">T\u00f9y theo kh\u1ed1i l\u01b0\u1ee3ng v\u00e0 \u0111\u1eb7c \u0111i\u1ec3m c\u00f4ng tr\u00ecnh. Th\u00f4ng th\u01b0\u1eddng, th\u1eddi gian dao \u0111\u1ed9ng t\u1eeb 7 ng\u00e0y \u0111\u1ebfn 60 ng\u00e0y. Ch\u00fang t\u00f4i s\u1ebd b\u00e1o ti\u1ebfn \u0111\u1ed9 c\u1ee5 th\u1ec3 sau khi kh\u1ea3o s\u00e1t v\u00e0 b\u00e1o gi\u00e1.<\/p>\n<h3 data-start=\"884\" data-end=\"930\">4. FanCons c\u00f3 h\u1ed7 tr\u1ee3 thi\u1ebft k\u1ebf kh\u00f4ng?<\/h3>\n<p data-start=\"931\" data-end=\"1098\">C\u00f3. Ch\u00fang t\u00f4i c\u00f3 \u0111\u1ed9i ng\u0169 k\u1ef9 s\u01b0, ki\u1ebfn tr\u00fac s\u01b0 h\u1ed7 tr\u1ee3 <strong data-start=\"983\" data-end=\"1004\">thi\u1ebft k\u1ebf k\u1ef9 thu\u1eadt<\/strong>, b\u1ea3n v\u1ebd thi c\u00f4ng 2D\/3D ho\u1eb7c t\u01b0 v\u1ea5n ph\u01b0\u01a1ng \u00e1n ph\u00f9 h\u1ee3p v\u1edbi nhu c\u1ea7u v\u00e0 ng\u00e2n s\u00e1ch c\u1ee7a kh\u00e1ch h\u00e0ng.<\/p>\n<h3 data-start=\"1105\" data-end=\"1163\">5. V\u1eadt li\u1ec7u s\u1eed d\u1ee5ng c\u00f3 b\u1ea3o \u0111\u1ea3m ch\u1ea5t l\u01b0\u1ee3ng kh\u00f4ng?<\/h3>\n<p data-start=\"1164\" data-end=\"1318\">Ch\u00fang t\u00f4i cam k\u1ebft s\u1eed d\u1ee5ng v\u1eadt t\u01b0 ch\u00ednh h\u00e3ng, \u0111\u1ea1t ti\u00eau chu\u1ea9n k\u1ef9 thu\u1eadt v\u00e0 c\u00f3 <strong data-start=\"1239\" data-end=\"1270\">ngu\u1ed3n g\u1ed1c \u2013 xu\u1ea5t x\u1ee9 r\u00f5 r\u00e0ng<\/strong>. C\u00f3 th\u1ec3 cung c\u1ea5p CO, CQ n\u1ebfu kh\u00e1ch h\u00e0ng y\u00eau c\u1ea7u.<\/p>\n<h3 data-start=\"1325\" data-end=\"1380\">6. C\u00f3 ch\u1ebf \u0111\u1ed9 b\u1ea3o h\u00e0nh sau khi thi c\u00f4ng kh\u00f4ng?<\/h3>\n<p data-start=\"1381\" data-end=\"1506\">C\u00f3. M\u1ecdi h\u1ea1ng m\u1ee5c thi c\u00f4ng \u0111\u1ec1u \u0111\u01b0\u1ee3c b\u1ea3o h\u00e0nh theo h\u1ee3p \u0111\u1ed3ng, th\u00f4ng th\u01b0\u1eddng <strong data-start=\"1453\" data-end=\"1473\">t\u1eeb 12 \u2013 36 th\u00e1ng<\/strong> t\u00f9y lo\u1ea1i c\u00f4ng tr\u00ecnh v\u00e0 v\u1eadt li\u1ec7u.<\/p>\n<h3 data-start=\"1513\" data-end=\"1565\">7. Chi ph\u00ed thi c\u00f4ng \u0111\u01b0\u1ee3c t\u00ednh nh\u01b0 th\u1ebf n\u00e0o?<\/h3>\n<p data-start=\"1566\" data-end=\"1590\">Chi ph\u00ed ph\u1ee5 thu\u1ed9c v\u00e0o:<\/p>\n<ul data-start=\"1591\" data-end=\"1788\">\n<li data-start=\"1591\" data-end=\"1620\">\n<p data-start=\"1593\" data-end=\"1620\">Quy m\u00f4 v\u00e0 lo\u1ea1i c\u00f4ng tr\u00ecnh<\/p>\n<\/li>\n<li data-start=\"1621\" data-end=\"1652\">\n<p data-start=\"1623\" data-end=\"1652\">Ch\u1ee7ng lo\u1ea1i v\u1eadt li\u1ec7u s\u1eed d\u1ee5ng<\/p>\n<\/li>\n<li data-start=\"1653\" data-end=\"1788\">\n<p data-start=\"1655\" data-end=\"1788\">Kh\u1ed1i l\u01b0\u1ee3ng v\u00e0 \u0111\u1ed9 ph\u1ee9c t\u1ea1p thi c\u00f4ng<br data-start=\"1689\" data-end=\"1692\" \/>Ch\u00fang t\u00f4i s\u1ebd <strong data-start=\"1705\" data-end=\"1726\">kh\u1ea3o s\u00e1t mi\u1ec5n ph\u00ed<\/strong>, t\u01b0 v\u1ea5n v\u00e0 b\u00e1o gi\u00e1 minh b\u1ea1ch, kh\u00f4ng ph\u00e1t sinh ngo\u00e0i h\u1ee3p \u0111\u1ed3ng.<\/p>\n<\/li>\n<\/ul>\n<h3 data-start=\"1795\" data-end=\"1862\">8. FanCons c\u00f3 h\u1ed7 tr\u1ee3 l\u00e0m h\u1ed3 s\u01a1, ph\u00e1p l\u00fd c\u00f4ng tr\u00ecnh kh\u00f4ng?<\/h3>\n<p data-start=\"1863\" data-end=\"2030\">V\u1edbi c\u00e1c c\u00f4ng tr\u00ecnh c\u1ea7n th\u1ee7 t\u1ee5c x\u00e2y d\u1ef1ng, PCCC, nghi\u1ec7m thu, ch\u00fang t\u00f4i c\u00f3 th\u1ec3 h\u1ed7 tr\u1ee3 <strong data-start=\"1946\" data-end=\"1987\">so\u1ea1n h\u1ed3 s\u01a1 k\u1ef9 thu\u1eadt v\u00e0 ph\u00e1p l\u00fd c\u01a1 b\u1ea3n<\/strong>, ho\u1eb7c k\u1ebft n\u1ed1i \u0111\u01a1n v\u1ecb \u0111\u1ed1i t\u00e1c chuy\u00ean tr\u00e1ch.<\/p>\n<h3 data-start=\"2037\" data-end=\"2109\">9. T\u00f4i c\u00f3 th\u1ec3 xem c\u00f4ng tr\u00ecnh m\u1eabu ho\u1eb7c d\u1ef1 \u00e1n \u0111\u00e3 thi c\u00f4ng kh\u00f4ng?<\/h3>\n<p data-start=\"2110\" data-end=\"2243\">C\u00f3. FanCons lu\u00f4n s\u1eb5n s\u00e0ng cung c\u1ea5p h\u00ecnh \u1ea3nh, video, v\u00e0 \u0111\u1ecba ch\u1ec9 c\u00e1c c\u00f4ng tr\u00ecnh \u0111\u00e3 thi c\u00f4ng \u0111\u1ec3 kh\u00e1ch h\u00e0ng tham kh\u1ea3o ch\u1ea5t l\u01b0\u1ee3ng th\u1ef1c t\u1ebf.<\/p>\n<h3 data-start=\"2250\" data-end=\"2312\">10. Li\u00ean h\u1ec7 t\u01b0 v\u1ea5n v\u00e0 \u0111\u1eb7t l\u1ecbch kh\u1ea3o s\u00e1t nh\u01b0 th\u1ebf n\u00e0o?<\/h3>\n<p>Qu\u00fd kh\u00e1ch vui l\u00f2ng g\u1ecdi tr\u1ef1c ti\u1ebfp<\/p>\n<p data-start=\"2313\" data-end=\"2499\">\t<div class=\"sago_info\">\n\t\t<strong>FANCONS\u5de5\u7a0b\u5efa\u8bbe\u603b\u627f\u5305\u80a1\u4efd\u516c\u53f8<\/strong><br>\n\t\t<i class=\"ri-map-pin-line\"><\/i> \u603b\u90e8\u5730\u5740\uff1a \u6cb3\u5185\u5e02 D\u01b0\u01a1ng N\u1ed9i \u8857\u9053 Nam Cuong \u5927\u53a6<br>\n\t\t<i class=\"ri-map-pin-line\"><\/i> \u80e1\u5fd7\u660e\u5e02\u5206\u516c\u53f8\uff1a \u80e1\u5fd7\u660e\u5e02\u7b2c11\u90e1\u7b2c15\u574a L\u00ea \u0110\u1ea1i H\u00e0nh \u8857182\u53f7 Flemington Tower \u5927\u53a6<br>\n\n\t\t<i class=\"ri-phone-fill\"><\/i> Hotline: \n\t\t<a href=\"tel:0934695666\">093.469.5666<\/a> - \n\t\t<a href=\"tel:0982770645\">098.277.0645<\/a> - \n\t\t<a href=\"tel:0389227520\">0389.227.520<\/a><br>\n\n\t\t<i class=\"ri-send-plane-fill\"><\/i> \u90ae\u4ef6 <a href=\"mailto:Pc@fancons.com.vn\">Pc@fancons.com.vn<\/a><br>\n\t\t<i class=\"ri-information-line\"><\/i> MST: 0104866643  <br>\n\t\t<i class=\"ri-global-line\"><\/i> Website: <a href=\"\/zh\/\">www.fancons.com.vn<\/a>\n\t<\/div>","protected":false},"excerpt":{"rendered":"<p>1. FanCons cung c\u1ea5p nh\u1eefng d\u1ecbch v\u1ee5 ch\u00ednh n\u00e0o? C\u00f4ng ty TNHH FanCons chuy\u00ean thi c\u00f4ng c\u00e1c d\u1ecbch v\u1ee5: Gia c\u00f4ng \u2013 s\u1ea3n xu\u1ea5t nh\u00f4m k\u00ednh v\u00e0 v\u1eadt li\u1ec7u k\u00ednh Ph\u00e2n ph\u1ed1i v\u00e0 thi c\u00f4ng k\u00ednh n\u1ed9i \u2013 ngo\u1ea1i th\u1ea5t Thi c\u00f4ng h\u1ea1ng m\u1ee5c kim lo\u1ea1i v\u00e0 k\u1ebft c\u1ea5u ph\u1ee5 tr\u1ee3 S\u1ea3n xu\u1ea5t v\u00e0 l\u1eafp [&#8230;]\n","protected":false},"author":1,"featured_media":0,"parent":0,"menu_order":0,"comment_status":"closed","ping_status":"closed","template":"","meta":{"_acf_changed":false,"footnotes":""},"class_list":["post-564","page","type-page","status-publish","hentry"],"acf":[],"_links":{"self":[{"href":"https:\/\/fancons.com.vn\/zh\/wp-json\/wp\/v2\/pages\/564","targetHints":{"allow":["GET"]}}],"collection":[{"href":"https:\/\/fancons.com.vn\/zh\/wp-json\/wp\/v2\/pages"}],"about":[{"href":"https:\/\/fancons.com.vn\/zh\/wp-json\/wp\/v2\/types\/page"}],"author":[{"embeddable":true,"href":"https:\/\/fancons.com.vn\/zh\/wp-json\/wp\/v2\/users\/1"}],"replies":[{"embeddable":true,"href":"https:\/\/fancons.com.vn\/zh\/wp-json\/wp\/v2\/comments?post=564"}],"version-history":[{"count":5,"href":"https:\/\/fancons.com.vn\/zh\/wp-json\/wp\/v2\/pages\/564\/revisions"}],"predecessor-version":[{"id":1157,"href":"https:\/\/fancons.com.vn\/zh\/wp-json\/wp\/v2\/pages\/564\/revisions\/1157"}],"wp:attachment":[{"href":"https:\/\/fancons.com.vn\/zh\/wp-json\/wp\/v2\/media?parent=564"}],"curies":[{"name":"wp","href":"https:\/\/api.w.org\/{rel}","templated":true}]}}